{"id":86,"date":"2023-02-12T18:01:40","date_gmt":"2023-02-12T17:01:40","guid":{"rendered":"https:\/\/musique-47.com\/?page_id=86"},"modified":"2026-03-19T09:45:50","modified_gmt":"2026-03-19T08:45:50","slug":"stage-pour-les-adultes","status":"publish","type":"page","link":"https:\/\/musique-47.com\/index.php\/stage-pour-les-adultes\/","title":{"rendered":"Stage pour les adultes"},"content":{"rendered":"\t\t<div data-elementor-type=\"wp-page\" data-elementor-id=\"86\" class=\"elementor elementor-86\">\n\t\t\t\t\t\t<section class=\"elementor-section elementor-top-section elementor-element elementor-element-23bf5dc1 elementor-section-boxed elementor-section-height-default elementor-section-height-default\" data-id=\"23bf5dc1\" data-element_type=\"section\" data-e-type=\"section\">\n\t\t\t\t\t\t<div class=\"elementor-container elementor-column-gap-default\">\n\t\t\t\t\t<div class=\"elementor-column elementor-col-100 elementor-top-column elementor-element elementor-element-1f349509\" data-id=\"1f349509\" data-element_type=\"column\" data-e-type=\"column\">\n\t\t\t<div class=\"elementor-widget-wrap elementor-element-populated\">\n\t\t\t\t\t\t<div class=\"elementor-element elementor-element-70b9a026 elementor-widget elementor-widget-text-editor\" data-id=\"70b9a026\" data-element_type=\"widget\" data-e-type=\"widget\" data-widget_type=\"text-editor.default\">\n\t\t\t\t<div class=\"elementor-widget-container\">\n\t\t\t\t\t\t\t\t\t<div class=\"flex-1 overflow-hidden\"><div class=\"react-scroll-to-bottom--css-epyqq-79elbk h-full dark:bg-gray-800\"><div class=\"react-scroll-to-bottom--css-epyqq-1n7m0yu\"><div class=\"flex flex-col items-center text-sm dark:bg-gray-800\"><div class=\"w-full border-b border-black\/10 dark:border-gray-900\/50 text-gray-800 dark:text-gray-100 group bg-gray-50 dark:bg-[#444654]\"><div class=\"text-base gap-4 md:gap-6 m-auto md:max-w-2xl lg:max-w-2xl xl:max-w-3xl p-4 md:py-6 flex lg:px-0\"><div class=\"relative flex w-[calc(100%-50px)] flex-col gap-1 md:gap-3 lg:w-[calc(100%-115px)]\"><div class=\"flex flex-grow flex-col gap-3\"><div class=\"min-h-[20px] flex flex-col items-start gap-4 whitespace-pre-wrap\"><div class=\"markdown prose w-full break-words dark:prose-invert light\"><p style=\"padding-left: 40px;\"><span style=\"color: #333333;\">Vous \u00eates un musicien amateur ou confirm\u00e9 et vous cherchez \u00e0 perfectionner vos comp\u00e9tences dans une ambiance conviviale ? Nous avons la solution pour vous !<\/span><\/p><p style=\"padding-left: 40px;\"><span style=\"color: #333333;\">Notre acad\u00e9mie musicale est con\u00e7ues pour les musiciens adultes qui cherchent \u00e0 partager leur passion et \u00e0 se perfectionner dans un cadre chaleureux et stimulant. Nous proposons une formation adapt\u00e9e \u00e0 chaque niveau de comp\u00e9tence, tout en favorisant l&#8217;aspect collectif du travail d&#8217;ensemble.<\/span><\/p><p style=\"padding-left: 40px;\"><span style=\"color: #333333;\">Nos <strong>10 professeurs<\/strong> exp\u00e9riment\u00e9s de la r\u00e9gion Aquitaine se consacrent enti\u00e8rement aux activit\u00e9s musicales pour garantir la qualit\u00e9 de l&#8217;enseignement. Ils vous proposeront un large r\u00e9pertoire d&#8217;\u0153uvres au travers duquel vous pourrez poursuivre votre aventure musicale.<\/span><\/p><p style=\"padding-left: 40px;\"><span style=\"color: #333333;\">Au-del\u00e0 des aspects techniques, le travail en groupe r\u00e9unissant des stagiaires venant de toute la France permet de d\u00e9velopper la motivation de chacun \u00e0 progresser encore plus dans un environnement et un accompagnement o\u00f9 la convivialit\u00e9 est de rigueur.<\/span><\/p><p style=\"padding-left: 40px;\"><span style=\"font-style: inherit; font-weight: inherit; color: #333333; font-family: var( --e-global-typography-text-font-family ), Sans-serif; background-color: var(--ast-global-color-5);\">Alors, n&#8217;h\u00e9sitez plus et inscrivez vous d\u00e8s maintenant pour vivre une exp\u00e9rience musicale inoubliable avec nous !<\/span><\/p><\/div><\/div><\/div><\/div><\/div><\/div><\/div><\/div><\/div><\/div>\t\t\t\t\t\t\t\t<\/div>\n\t\t\t\t<\/div>\n\t\t\t\t\t<\/div>\n\t\t<\/div>\n\t\t\t\t\t<\/div>\n\t\t<\/section>\n\t\t\t\t<\/div>\n\t\t","protected":false},"excerpt":{"rendered":"<p>Vous \u00eates un musicien amateur ou confirm\u00e9 et vous cherchez \u00e0 perfectionner vos comp\u00e9tences dans une ambiance conviviale ? Nous avons la solution pour vous ! Notre acad\u00e9mie musicale est con\u00e7ues pour les musiciens adultes qui cherchent \u00e0 partager leur passion et \u00e0 se perfectionner dans un cadre chaleureux et stimulant. Nous proposons une formation [&hellip;]<\/p>\n","protected":false},"author":2,"featured_media":0,"parent":0,"menu_order":0,"comment_status":"closed","ping_status":"closed","template":"","meta":{"site-sidebar-layout":"default","site-content-layout":"","ast-site-content-layout":"default","site-content-style":"default","site-sidebar-style":"default","ast-global-header-display":"","ast-banner-title-visibility":"","ast-main-header-display":"","ast-hfb-above-header-display":"","ast-hfb-below-header-display":"","ast-hfb-mobile-header-display":"","site-post-title":"","ast-breadcrumbs-content":"","ast-featured-img":"","footer-sml-layout":"","ast-disable-related-posts":"","theme-transparent-header-meta":"","adv-header-id-meta":"","stick-header-meta":"","header-above-stick-meta":"","header-main-stick-meta":"","header-below-stick-meta":"","astra-migrate-meta-layouts":"default","ast-page-background-enabled":"default","ast-page-background-meta":{"desktop":{"background-color":"var(--ast-global-color-4)","background-image":"","background-repeat":"repeat","background-position":"center center","background-size":"auto","background-attachment":"scroll","background-type":"","background-media":"","overlay-type":"","overlay-color":"","overlay-opacity":"","overlay-gradient":""},"tablet":{"background-color":"","background-image":"","background-repeat":"repeat","background-position":"center center","background-size":"auto","background-attachment":"scroll","background-type":"","background-media":"","overlay-type":"","overlay-color":"","overlay-opacity":"","overlay-gradient":""},"mobile":{"background-color":"","background-image":"","background-repeat":"repeat","background-position":"center center","background-size":"auto","background-attachment":"scroll","background-type":"","background-media":"","overlay-type":"","overlay-color":"","overlay-opacity":"","overlay-gradient":""}},"ast-content-background-meta":{"desktop":{"background-color":"var(--ast-global-color-5)","background-image":"","background-repeat":"repeat","background-position":"center center","background-size":"auto","background-attachment":"scroll","background-type":"","background-media":"","overlay-type":"","overlay-color":"","overlay-opacity":"","overlay-gradient":""},"tablet":{"background-color":"var(--ast-global-color-5)","background-image":"","background-repeat":"repeat","background-position":"center center","background-size":"auto","background-attachment":"scroll","background-type":"","background-media":"","overlay-type":"","overlay-color":"","overlay-opacity":"","overlay-gradient":""},"mobile":{"background-color":"var(--ast-global-color-5)","background-image":"","background-repeat":"repeat","background-position":"center center","background-size":"auto","background-attachment":"scroll","background-type":"","background-media":"","overlay-type":"","overlay-color":"","overlay-opacity":"","overlay-gradient":""}},"footnotes":""},"class_list":["post-86","page","type-page","status-publish","hentry"],"yoast_head":"<!-- This site is optimized with the Yoast SEO plugin v27.4 - https:\/\/yoast.com\/product\/yoast-seo-wordpress\/ -->\n<title>Stage pour les adultes - Musique de chambre et orchestres<\/title>\n<meta name=\"robots\" content=\"index, follow, max-snippet:-1, max-image-preview:large, max-video-preview:-1\" \/>\n<link rel=\"canonical\" href=\"https:\/\/musique-47.com\/index.php\/stage-pour-les-adultes\/\" \/>\n<meta property=\"og:locale\" content=\"fr_FR\" \/>\n<meta property=\"og:type\" content=\"article\" \/>\n<meta property=\"og:title\" content=\"Stage pour les adultes - Musique de chambre et orchestres\" \/>\n<meta property=\"og:description\" content=\"Vous \u00eates un musicien amateur ou confirm\u00e9 et vous cherchez \u00e0 perfectionner vos comp\u00e9tences dans une ambiance conviviale ? Nous avons la solution pour vous ! Notre acad\u00e9mie musicale est con\u00e7ues pour les musiciens adultes qui cherchent \u00e0 partager leur passion et \u00e0 se perfectionner dans un cadre chaleureux et stimulant. Nous proposons une formation [&hellip;]\" \/>\n<meta property=\"og:url\" content=\"https:\/\/musique-47.com\/index.php\/stage-pour-les-adultes\/\" \/>\n<meta property=\"og:site_name\" content=\"Musique de chambre et orchestres\" \/>\n<meta property=\"article:publisher\" content=\"https:\/\/www.facebook.com\/StagedeMusique47\/\" \/>\n<meta property=\"article:modified_time\" content=\"2026-03-19T08:45:50+00:00\" \/>\n<meta name=\"twitter:card\" content=\"summary_large_image\" \/>\n<meta name=\"twitter:label1\" content=\"Dur\u00e9e de lecture estim\u00e9e\" \/>\n\t<meta name=\"twitter:data1\" content=\"1 minute\" \/>\n<script type=\"application\/ld+json\" class=\"yoast-schema-graph\">{\"@context\":\"https:\\\/\\\/schema.org\",\"@graph\":[{\"@type\":\"WebPage\",\"@id\":\"https:\\\/\\\/musique-47.com\\\/index.php\\\/stage-pour-les-adultes\\\/\",\"url\":\"https:\\\/\\\/musique-47.com\\\/index.php\\\/stage-pour-les-adultes\\\/\",\"name\":\"Stage pour les adultes - Musique de chambre et orchestres\",\"isPartOf\":{\"@id\":\"https:\\\/\\\/musique-47.com\\\/#website\"},\"datePublished\":\"2023-02-12T17:01:40+00:00\",\"dateModified\":\"2026-03-19T08:45:50+00:00\",\"breadcrumb\":{\"@id\":\"https:\\\/\\\/musique-47.com\\\/index.php\\\/stage-pour-les-adultes\\\/#breadcrumb\"},\"inLanguage\":\"fr-FR\",\"potentialAction\":[{\"@type\":\"ReadAction\",\"target\":[\"https:\\\/\\\/musique-47.com\\\/index.php\\\/stage-pour-les-adultes\\\/\"]}]},{\"@type\":\"BreadcrumbList\",\"@id\":\"https:\\\/\\\/musique-47.com\\\/index.php\\\/stage-pour-les-adultes\\\/#breadcrumb\",\"itemListElement\":[{\"@type\":\"ListItem\",\"position\":1,\"name\":\"Accueil\",\"item\":\"https:\\\/\\\/musique-47.com\\\/\"},{\"@type\":\"ListItem\",\"position\":2,\"name\":\"Stage pour les adultes\"}]},{\"@type\":\"WebSite\",\"@id\":\"https:\\\/\\\/musique-47.com\\\/#website\",\"url\":\"https:\\\/\\\/musique-47.com\\\/\",\"name\":\"Musique de chambre et orchestres\",\"description\":\"Acad\u00e9mie du 11 au 19 ao\u00fbt 2023\",\"publisher\":{\"@id\":\"https:\\\/\\\/musique-47.com\\\/#organization\"},\"potentialAction\":[{\"@type\":\"SearchAction\",\"target\":{\"@type\":\"EntryPoint\",\"urlTemplate\":\"https:\\\/\\\/musique-47.com\\\/?s={search_term_string}\"},\"query-input\":{\"@type\":\"PropertyValueSpecification\",\"valueRequired\":true,\"valueName\":\"search_term_string\"}}],\"inLanguage\":\"fr-FR\"},{\"@type\":\"Organization\",\"@id\":\"https:\\\/\\\/musique-47.com\\\/#organization\",\"name\":\"Ensemble Pierre Taconne\",\"url\":\"https:\\\/\\\/musique-47.com\\\/\",\"logo\":{\"@type\":\"ImageObject\",\"inLanguage\":\"fr-FR\",\"@id\":\"https:\\\/\\\/musique-47.com\\\/#\\\/schema\\\/logo\\\/image\\\/\",\"url\":\"https:\\\/\\\/musique-47.com\\\/wp-content\\\/uploads\\\/2023\\\/02\\\/cropped-Logo-EPT.png\",\"contentUrl\":\"https:\\\/\\\/musique-47.com\\\/wp-content\\\/uploads\\\/2023\\\/02\\\/cropped-Logo-EPT.png\",\"width\":77,\"height\":103,\"caption\":\"Ensemble Pierre Taconne\"},\"image\":{\"@id\":\"https:\\\/\\\/musique-47.com\\\/#\\\/schema\\\/logo\\\/image\\\/\"},\"sameAs\":[\"https:\\\/\\\/www.facebook.com\\\/StagedeMusique47\\\/\"]}]}<\/script>\n<!-- \/ Yoast SEO plugin. -->","yoast_head_json":{"title":"Stage pour les adultes - Musique de chambre et orchestres","robots":{"index":"index","follow":"follow","max-snippet":"max-snippet:-1","max-image-preview":"max-image-preview:large","max-video-preview":"max-video-preview:-1"},"canonical":"https:\/\/musique-47.com\/index.php\/stage-pour-les-adultes\/","og_locale":"fr_FR","og_type":"article","og_title":"Stage pour les adultes - Musique de chambre et orchestres","og_description":"Vous \u00eates un musicien amateur ou confirm\u00e9 et vous cherchez \u00e0 perfectionner vos comp\u00e9tences dans une ambiance conviviale ? Nous avons la solution pour vous ! Notre acad\u00e9mie musicale est con\u00e7ues pour les musiciens adultes qui cherchent \u00e0 partager leur passion et \u00e0 se perfectionner dans un cadre chaleureux et stimulant. Nous proposons une formation [&hellip;]","og_url":"https:\/\/musique-47.com\/index.php\/stage-pour-les-adultes\/","og_site_name":"Musique de chambre et orchestres","article_publisher":"https:\/\/www.facebook.com\/StagedeMusique47\/","article_modified_time":"2026-03-19T08:45:50+00:00","twitter_card":"summary_large_image","twitter_misc":{"Dur\u00e9e de lecture estim\u00e9e":"1 minute"},"schema":{"@context":"https:\/\/schema.org","@graph":[{"@type":"WebPage","@id":"https:\/\/musique-47.com\/index.php\/stage-pour-les-adultes\/","url":"https:\/\/musique-47.com\/index.php\/stage-pour-les-adultes\/","name":"Stage pour les adultes - Musique de chambre et orchestres","isPartOf":{"@id":"https:\/\/musique-47.com\/#website"},"datePublished":"2023-02-12T17:01:40+00:00","dateModified":"2026-03-19T08:45:50+00:00","breadcrumb":{"@id":"https:\/\/musique-47.com\/index.php\/stage-pour-les-adultes\/#breadcrumb"},"inLanguage":"fr-FR","potentialAction":[{"@type":"ReadAction","target":["https:\/\/musique-47.com\/index.php\/stage-pour-les-adultes\/"]}]},{"@type":"BreadcrumbList","@id":"https:\/\/musique-47.com\/index.php\/stage-pour-les-adultes\/#breadcrumb","itemListElement":[{"@type":"ListItem","position":1,"name":"Accueil","item":"https:\/\/musique-47.com\/"},{"@type":"ListItem","position":2,"name":"Stage pour les adultes"}]},{"@type":"WebSite","@id":"https:\/\/musique-47.com\/#website","url":"https:\/\/musique-47.com\/","name":"Musique de chambre et orchestres","description":"Acad\u00e9mie du 11 au 19 ao\u00fbt 2023","publisher":{"@id":"https:\/\/musique-47.com\/#organization"},"potentialAction":[{"@type":"SearchAction","target":{"@type":"EntryPoint","urlTemplate":"https:\/\/musique-47.com\/?s={search_term_string}"},"query-input":{"@type":"PropertyValueSpecification","valueRequired":true,"valueName":"search_term_string"}}],"inLanguage":"fr-FR"},{"@type":"Organization","@id":"https:\/\/musique-47.com\/#organization","name":"Ensemble Pierre Taconne","url":"https:\/\/musique-47.com\/","logo":{"@type":"ImageObject","inLanguage":"fr-FR","@id":"https:\/\/musique-47.com\/#\/schema\/logo\/image\/","url":"https:\/\/musique-47.com\/wp-content\/uploads\/2023\/02\/cropped-Logo-EPT.png","contentUrl":"https:\/\/musique-47.com\/wp-content\/uploads\/2023\/02\/cropped-Logo-EPT.png","width":77,"height":103,"caption":"Ensemble Pierre Taconne"},"image":{"@id":"https:\/\/musique-47.com\/#\/schema\/logo\/image\/"},"sameAs":["https:\/\/www.facebook.com\/StagedeMusique47\/"]}]}},"_links":{"self":[{"href":"https:\/\/musique-47.com\/index.php\/wp-json\/wp\/v2\/pages\/86","targetHints":{"allow":["GET"]}}],"collection":[{"href":"https:\/\/musique-47.com\/index.php\/wp-json\/wp\/v2\/pages"}],"about":[{"href":"https:\/\/musique-47.com\/index.php\/wp-json\/wp\/v2\/types\/page"}],"author":[{"embeddable":true,"href":"https:\/\/musique-47.com\/index.php\/wp-json\/wp\/v2\/users\/2"}],"replies":[{"embeddable":true,"href":"https:\/\/musique-47.com\/index.php\/wp-json\/wp\/v2\/comments?post=86"}],"version-history":[{"count":64,"href":"https:\/\/musique-47.com\/index.php\/wp-json\/wp\/v2\/pages\/86\/revisions"}],"predecessor-version":[{"id":2223,"href":"https:\/\/musique-47.com\/index.php\/wp-json\/wp\/v2\/pages\/86\/revisions\/2223"}],"wp:attachment":[{"href":"https:\/\/musique-47.com\/index.php\/wp-json\/wp\/v2\/media?parent=86"}],"curies":[{"name":"wp","href":"https:\/\/api.w.org\/{rel}","templated":true}]}}