{"id":82,"date":"2023-02-12T17:55:58","date_gmt":"2023-02-12T16:55:58","guid":{"rendered":"https:\/\/musique-47.com\/?page_id=82"},"modified":"2026-03-19T09:43:35","modified_gmt":"2026-03-19T08:43:35","slug":"stage-pour-les-mineurs","status":"publish","type":"page","link":"https:\/\/musique-47.com\/index.php\/stage-pour-les-mineurs\/","title":{"rendered":"Stage pour les mineurs"},"content":{"rendered":"\t\t<div data-elementor-type=\"wp-page\" data-elementor-id=\"82\" class=\"elementor elementor-82\">\n\t\t\t\t\t\t<section class=\"elementor-section elementor-top-section elementor-element elementor-element-44be20cc elementor-section-boxed elementor-section-height-default elementor-section-height-default\" data-id=\"44be20cc\" data-element_type=\"section\" data-e-type=\"section\">\n\t\t\t\t\t\t<div class=\"elementor-container elementor-column-gap-default\">\n\t\t\t\t\t<div class=\"elementor-column elementor-col-100 elementor-top-column elementor-element elementor-element-2bdd3f29\" data-id=\"2bdd3f29\" data-element_type=\"column\" data-e-type=\"column\">\n\t\t\t<div class=\"elementor-widget-wrap elementor-element-populated\">\n\t\t\t\t\t\t<div class=\"elementor-element elementor-element-276b1fdb elementor-widget elementor-widget-text-editor\" data-id=\"276b1fdb\" data-element_type=\"widget\" data-e-type=\"widget\" data-widget_type=\"text-editor.default\">\n\t\t\t\t<div class=\"elementor-widget-container\">\n\t\t\t\t\t\t\t\t\t<p><\/p>\n<div class=\"flex-1 overflow-hidden\">\n<div class=\"react-scroll-to-bottom--css-ygbez-79elbk h-full dark:bg-gray-800\">\n<div class=\"react-scroll-to-bottom--css-ygbez-1n7m0yu\">\n<div class=\"flex flex-col items-center text-sm dark:bg-gray-800\">\n<div class=\"w-full border-b border-black\/10 dark:border-gray-900\/50 text-gray-800 dark:text-gray-100 group bg-gray-50 dark:bg-[#444654]\">\n<div class=\"text-base gap-4 md:gap-6 m-auto md:max-w-2xl lg:max-w-2xl xl:max-w-3xl p-4 md:py-6 flex lg:px-0\">\n<div class=\"relative flex w-[calc(100%-50px)] flex-col gap-1 md:gap-3 lg:w-[calc(100%-115px)]\">\n<div class=\"flex flex-grow flex-col gap-3\">\n<div class=\"min-h-[20px] flex flex-col items-start gap-4 whitespace-pre-wrap\">\n<div class=\"markdown prose w-full break-words dark:prose-invert light\">\n<p style=\"padding-left: 40px;\"><span style=\"color: #333333;\">Vous \u00eates passionn\u00e9(e) de musique et vous cherchez \u00e0 am\u00e9liorer vos comp\u00e9tences ? Vous cherchez une sc\u00e8ne de musique pour vous ou pour votre enfant ? Nous avons la solution pour vous !<\/span><\/p>\n<p style=\"padding-left: 40px;\"><span style=\"color: #333333;\">Notre acad\u00e9mie musicale est con\u00e7ue pour les musiciens d\u00e9butants ou confirm\u00e9s qui cherchent \u00e0 partager leurs connaissances et \u00e0 se perfectionner dans un cadre chaleureux et convivial. Nous offrons une formation diversifi\u00e9e et adapt\u00e9e \u00e0 chaque niveau de comp\u00e9tence, tout en privil\u00e9giant l&#8217;aspect collectif du travail d&#8217;ensemble.<\/span><\/p>\n<p style=\"padding-left: 40px;\"><span style=\"color: #333333;\">Nous ne proposons pas de <span style=\"text-decoration: underline;\">&#8220;cours&#8221; individuels<\/span>, uniquement en formation allant de quatre musiciens \u00e0 un orchestre symphonique.<\/span><\/p>\n<p style=\"padding-left: 40px;\"><span style=\"color: #333333;\">Notre \u00e9quipe de 10 professeurs de la r\u00e9gion Aquitaine, tous passionn\u00e9s et exp\u00e9riment\u00e9s, se consacre enti\u00e8rement aux activit\u00e9s musicales pour garantir la qualit\u00e9 de l&#8217;enseignement. Les professeurs d&#8217;instruments sont compl\u00e9t\u00e9s par une \u00e9quipe de 6 animateurs et 2 directeurs qualifi\u00e9s BAFA et BAFD\u00a0 pour animer les activit\u00e9s ludiques et sportives qui font partie int\u00e9grante du stage.<\/span><\/p>\n<p style=\"padding-left: 40px;\"><span style=\"color: #333333;\">Notre stage de musique respecte les normes de s\u00e9curit\u00e9 et de protection des mineurs, avec une d\u00e9claration pr\u00e9alable aupr\u00e8s des services de Jeunesse et Sports. Nous assurons une surveillance permanente des participants pour leur garantir un s\u00e9jour confortable et agr\u00e9able.<\/span><\/p>\n<p style=\"padding-left: 40px;\"><span style=\"color: #333333;\">Alors, n&#8217;h\u00e9sitez plus et inscrivez-vous d\u00e8s maintenant pour vivre une exp\u00e9rience musicale inoubliable avec nous !<\/span><\/p>\n<\/div>\n<\/div>\n<\/div>\n<\/div>\n<\/div>\n<\/div>\n<\/div>\n<\/div>\n<\/div>\n<\/div>\n<p><\/p>\t\t\t\t\t\t\t\t<\/div>\n\t\t\t\t<\/div>\n\t\t\t\t\t<\/div>\n\t\t<\/div>\n\t\t\t\t\t<\/div>\n\t\t<\/section>\n\t\t\t\t<section class=\"elementor-section elementor-top-section elementor-element elementor-element-462b9ce elementor-section-boxed elementor-section-height-default elementor-section-height-default\" data-id=\"462b9ce\" data-element_type=\"section\" data-e-type=\"section\">\n\t\t\t\t\t\t<div class=\"elementor-container elementor-column-gap-default\">\n\t\t\t\t\t<div class=\"elementor-column elementor-col-100 elementor-top-column elementor-element elementor-element-53b0336\" data-id=\"53b0336\" data-element_type=\"column\" data-e-type=\"column\">\n\t\t\t<div class=\"elementor-widget-wrap elementor-element-populated\">\n\t\t\t\t\t\t<div class=\"elementor-element elementor-element-ea64a50 elementor-widget elementor-widget-text-editor\" data-id=\"ea64a50\" data-element_type=\"widget\" data-e-type=\"widget\" data-widget_type=\"text-editor.default\">\n\t\t\t\t<div class=\"elementor-widget-container\">\n\t\t\t\t\t\t\t\t\t<p><strong>Pour les activit\u00e9s en options:<\/strong><\/p>\n<p>\u00a0Ce sera \u00e0 la base de loisirs de Damazan :\u00a0<a href=\"https:\/\/cascadewaterpark.com\/\"><span style=\"background-color: #ffffff; color: #202124; font-family: 'Google Sans', Arial, sans-serif; font-size: 18px;\">Cascade Waterpark\u00a0<\/span><\/a><\/p>\n<p>Les information seront disponibles en avril.<\/p>\t\t\t\t\t\t\t\t<\/div>\n\t\t\t\t<\/div>\n\t\t\t\t\t<\/div>\n\t\t<\/div>\n\t\t\t\t\t<\/div>\n\t\t<\/section>\n\t\t\t\t<\/div>\n\t\t","protected":false},"excerpt":{"rendered":"<p>Vous \u00eates passionn\u00e9(e) de musique et vous cherchez \u00e0 am\u00e9liorer vos comp\u00e9tences ? Vous cherchez une sc\u00e8ne de musique pour vous ou pour votre enfant ? Nous avons la solution pour vous ! Notre acad\u00e9mie musicale est con\u00e7ue pour les musiciens d\u00e9butants ou confirm\u00e9s qui cherchent \u00e0 partager leurs connaissances et \u00e0 se perfectionner dans [&hellip;]<\/p>\n","protected":false},"author":2,"featured_media":0,"parent":0,"menu_order":0,"comment_status":"closed","ping_status":"closed","template":"","meta":{"site-sidebar-layout":"default","site-content-layout":"","ast-site-content-layout":"default","site-content-style":"default","site-sidebar-style":"default","ast-global-header-display":"","ast-banner-title-visibility":"","ast-main-header-display":"","ast-hfb-above-header-display":"","ast-hfb-below-header-display":"","ast-hfb-mobile-header-display":"","site-post-title":"","ast-breadcrumbs-content":"","ast-featured-img":"","footer-sml-layout":"","ast-disable-related-posts":"","theme-transparent-header-meta":"","adv-header-id-meta":"","stick-header-meta":"","header-above-stick-meta":"","header-main-stick-meta":"","header-below-stick-meta":"","astra-migrate-meta-layouts":"default","ast-page-background-enabled":"default","ast-page-background-meta":{"desktop":{"background-color":"var(--ast-global-color-4)","background-image":"","background-repeat":"repeat","background-position":"center center","background-size":"auto","background-attachment":"scroll","background-type":"","background-media":"","overlay-type":"","overlay-color":"","overlay-opacity":"","overlay-gradient":""},"tablet":{"background-color":"","background-image":"","background-repeat":"repeat","background-position":"center center","background-size":"auto","background-attachment":"scroll","background-type":"","background-media":"","overlay-type":"","overlay-color":"","overlay-opacity":"","overlay-gradient":""},"mobile":{"background-color":"","background-image":"","background-repeat":"repeat","background-position":"center center","background-size":"auto","background-attachment":"scroll","background-type":"","background-media":"","overlay-type":"","overlay-color":"","overlay-opacity":"","overlay-gradient":""}},"ast-content-background-meta":{"desktop":{"background-color":"var(--ast-global-color-5)","background-image":"","background-repeat":"repeat","background-position":"center center","background-size":"auto","background-attachment":"scroll","background-type":"","background-media":"","overlay-type":"","overlay-color":"","overlay-opacity":"","overlay-gradient":""},"tablet":{"background-color":"var(--ast-global-color-5)","background-image":"","background-repeat":"repeat","background-position":"center center","background-size":"auto","background-attachment":"scroll","background-type":"","background-media":"","overlay-type":"","overlay-color":"","overlay-opacity":"","overlay-gradient":""},"mobile":{"background-color":"var(--ast-global-color-5)","background-image":"","background-repeat":"repeat","background-position":"center center","background-size":"auto","background-attachment":"scroll","background-type":"","background-media":"","overlay-type":"","overlay-color":"","overlay-opacity":"","overlay-gradient":""}},"footnotes":""},"class_list":["post-82","page","type-page","status-publish","hentry"],"yoast_head":"<!-- This site is optimized with the Yoast SEO plugin v27.3 - https:\/\/yoast.com\/product\/yoast-seo-wordpress\/ -->\n<title>Stage pour les mineurs - Musique de chambre et orchestres<\/title>\n<meta name=\"robots\" content=\"index, follow, max-snippet:-1, max-image-preview:large, max-video-preview:-1\" \/>\n<link rel=\"canonical\" href=\"https:\/\/musique-47.com\/index.php\/stage-pour-les-mineurs\/\" \/>\n<meta property=\"og:locale\" content=\"fr_FR\" \/>\n<meta property=\"og:type\" content=\"article\" \/>\n<meta property=\"og:title\" content=\"Stage pour les mineurs - Musique de chambre et orchestres\" \/>\n<meta property=\"og:description\" content=\"Vous \u00eates passionn\u00e9(e) de musique et vous cherchez \u00e0 am\u00e9liorer vos comp\u00e9tences ? Vous cherchez une sc\u00e8ne de musique pour vous ou pour votre enfant ? Nous avons la solution pour vous ! Notre acad\u00e9mie musicale est con\u00e7ue pour les musiciens d\u00e9butants ou confirm\u00e9s qui cherchent \u00e0 partager leurs connaissances et \u00e0 se perfectionner dans [&hellip;]\" \/>\n<meta property=\"og:url\" content=\"https:\/\/musique-47.com\/index.php\/stage-pour-les-mineurs\/\" \/>\n<meta property=\"og:site_name\" content=\"Musique de chambre et orchestres\" \/>\n<meta property=\"article:publisher\" content=\"https:\/\/www.facebook.com\/StagedeMusique47\/\" \/>\n<meta property=\"article:modified_time\" content=\"2026-03-19T08:43:35+00:00\" \/>\n<meta name=\"twitter:card\" content=\"summary_large_image\" \/>\n<meta name=\"twitter:label1\" content=\"Dur\u00e9e de lecture estim\u00e9e\" \/>\n\t<meta name=\"twitter:data1\" content=\"2 minutes\" \/>\n<script type=\"application\/ld+json\" class=\"yoast-schema-graph\">{\"@context\":\"https:\\\/\\\/schema.org\",\"@graph\":[{\"@type\":\"WebPage\",\"@id\":\"https:\\\/\\\/musique-47.com\\\/index.php\\\/stage-pour-les-mineurs\\\/\",\"url\":\"https:\\\/\\\/musique-47.com\\\/index.php\\\/stage-pour-les-mineurs\\\/\",\"name\":\"Stage pour les mineurs - Musique de chambre et orchestres\",\"isPartOf\":{\"@id\":\"https:\\\/\\\/musique-47.com\\\/#website\"},\"datePublished\":\"2023-02-12T16:55:58+00:00\",\"dateModified\":\"2026-03-19T08:43:35+00:00\",\"breadcrumb\":{\"@id\":\"https:\\\/\\\/musique-47.com\\\/index.php\\\/stage-pour-les-mineurs\\\/#breadcrumb\"},\"inLanguage\":\"fr-FR\",\"potentialAction\":[{\"@type\":\"ReadAction\",\"target\":[\"https:\\\/\\\/musique-47.com\\\/index.php\\\/stage-pour-les-mineurs\\\/\"]}]},{\"@type\":\"BreadcrumbList\",\"@id\":\"https:\\\/\\\/musique-47.com\\\/index.php\\\/stage-pour-les-mineurs\\\/#breadcrumb\",\"itemListElement\":[{\"@type\":\"ListItem\",\"position\":1,\"name\":\"Accueil\",\"item\":\"https:\\\/\\\/musique-47.com\\\/\"},{\"@type\":\"ListItem\",\"position\":2,\"name\":\"Stage pour les mineurs\"}]},{\"@type\":\"WebSite\",\"@id\":\"https:\\\/\\\/musique-47.com\\\/#website\",\"url\":\"https:\\\/\\\/musique-47.com\\\/\",\"name\":\"Musique de chambre et orchestres\",\"description\":\"Acad\u00e9mie du 11 au 19 ao\u00fbt 2023\",\"publisher\":{\"@id\":\"https:\\\/\\\/musique-47.com\\\/#organization\"},\"potentialAction\":[{\"@type\":\"SearchAction\",\"target\":{\"@type\":\"EntryPoint\",\"urlTemplate\":\"https:\\\/\\\/musique-47.com\\\/?s={search_term_string}\"},\"query-input\":{\"@type\":\"PropertyValueSpecification\",\"valueRequired\":true,\"valueName\":\"search_term_string\"}}],\"inLanguage\":\"fr-FR\"},{\"@type\":\"Organization\",\"@id\":\"https:\\\/\\\/musique-47.com\\\/#organization\",\"name\":\"Ensemble Pierre Taconne\",\"url\":\"https:\\\/\\\/musique-47.com\\\/\",\"logo\":{\"@type\":\"ImageObject\",\"inLanguage\":\"fr-FR\",\"@id\":\"https:\\\/\\\/musique-47.com\\\/#\\\/schema\\\/logo\\\/image\\\/\",\"url\":\"https:\\\/\\\/musique-47.com\\\/wp-content\\\/uploads\\\/2023\\\/02\\\/cropped-Logo-EPT.png\",\"contentUrl\":\"https:\\\/\\\/musique-47.com\\\/wp-content\\\/uploads\\\/2023\\\/02\\\/cropped-Logo-EPT.png\",\"width\":77,\"height\":103,\"caption\":\"Ensemble Pierre Taconne\"},\"image\":{\"@id\":\"https:\\\/\\\/musique-47.com\\\/#\\\/schema\\\/logo\\\/image\\\/\"},\"sameAs\":[\"https:\\\/\\\/www.facebook.com\\\/StagedeMusique47\\\/\"]}]}<\/script>\n<!-- \/ Yoast SEO plugin. -->","yoast_head_json":{"title":"Stage pour les mineurs - Musique de chambre et orchestres","robots":{"index":"index","follow":"follow","max-snippet":"max-snippet:-1","max-image-preview":"max-image-preview:large","max-video-preview":"max-video-preview:-1"},"canonical":"https:\/\/musique-47.com\/index.php\/stage-pour-les-mineurs\/","og_locale":"fr_FR","og_type":"article","og_title":"Stage pour les mineurs - Musique de chambre et orchestres","og_description":"Vous \u00eates passionn\u00e9(e) de musique et vous cherchez \u00e0 am\u00e9liorer vos comp\u00e9tences ? Vous cherchez une sc\u00e8ne de musique pour vous ou pour votre enfant ? Nous avons la solution pour vous ! Notre acad\u00e9mie musicale est con\u00e7ue pour les musiciens d\u00e9butants ou confirm\u00e9s qui cherchent \u00e0 partager leurs connaissances et \u00e0 se perfectionner dans [&hellip;]","og_url":"https:\/\/musique-47.com\/index.php\/stage-pour-les-mineurs\/","og_site_name":"Musique de chambre et orchestres","article_publisher":"https:\/\/www.facebook.com\/StagedeMusique47\/","article_modified_time":"2026-03-19T08:43:35+00:00","twitter_card":"summary_large_image","twitter_misc":{"Dur\u00e9e de lecture estim\u00e9e":"2 minutes"},"schema":{"@context":"https:\/\/schema.org","@graph":[{"@type":"WebPage","@id":"https:\/\/musique-47.com\/index.php\/stage-pour-les-mineurs\/","url":"https:\/\/musique-47.com\/index.php\/stage-pour-les-mineurs\/","name":"Stage pour les mineurs - Musique de chambre et orchestres","isPartOf":{"@id":"https:\/\/musique-47.com\/#website"},"datePublished":"2023-02-12T16:55:58+00:00","dateModified":"2026-03-19T08:43:35+00:00","breadcrumb":{"@id":"https:\/\/musique-47.com\/index.php\/stage-pour-les-mineurs\/#breadcrumb"},"inLanguage":"fr-FR","potentialAction":[{"@type":"ReadAction","target":["https:\/\/musique-47.com\/index.php\/stage-pour-les-mineurs\/"]}]},{"@type":"BreadcrumbList","@id":"https:\/\/musique-47.com\/index.php\/stage-pour-les-mineurs\/#breadcrumb","itemListElement":[{"@type":"ListItem","position":1,"name":"Accueil","item":"https:\/\/musique-47.com\/"},{"@type":"ListItem","position":2,"name":"Stage pour les mineurs"}]},{"@type":"WebSite","@id":"https:\/\/musique-47.com\/#website","url":"https:\/\/musique-47.com\/","name":"Musique de chambre et orchestres","description":"Acad\u00e9mie du 11 au 19 ao\u00fbt 2023","publisher":{"@id":"https:\/\/musique-47.com\/#organization"},"potentialAction":[{"@type":"SearchAction","target":{"@type":"EntryPoint","urlTemplate":"https:\/\/musique-47.com\/?s={search_term_string}"},"query-input":{"@type":"PropertyValueSpecification","valueRequired":true,"valueName":"search_term_string"}}],"inLanguage":"fr-FR"},{"@type":"Organization","@id":"https:\/\/musique-47.com\/#organization","name":"Ensemble Pierre Taconne","url":"https:\/\/musique-47.com\/","logo":{"@type":"ImageObject","inLanguage":"fr-FR","@id":"https:\/\/musique-47.com\/#\/schema\/logo\/image\/","url":"https:\/\/musique-47.com\/wp-content\/uploads\/2023\/02\/cropped-Logo-EPT.png","contentUrl":"https:\/\/musique-47.com\/wp-content\/uploads\/2023\/02\/cropped-Logo-EPT.png","width":77,"height":103,"caption":"Ensemble Pierre Taconne"},"image":{"@id":"https:\/\/musique-47.com\/#\/schema\/logo\/image\/"},"sameAs":["https:\/\/www.facebook.com\/StagedeMusique47\/"]}]}},"_links":{"self":[{"href":"https:\/\/musique-47.com\/index.php\/wp-json\/wp\/v2\/pages\/82","targetHints":{"allow":["GET"]}}],"collection":[{"href":"https:\/\/musique-47.com\/index.php\/wp-json\/wp\/v2\/pages"}],"about":[{"href":"https:\/\/musique-47.com\/index.php\/wp-json\/wp\/v2\/types\/page"}],"author":[{"embeddable":true,"href":"https:\/\/musique-47.com\/index.php\/wp-json\/wp\/v2\/users\/2"}],"replies":[{"embeddable":true,"href":"https:\/\/musique-47.com\/index.php\/wp-json\/wp\/v2\/comments?post=82"}],"version-history":[{"count":37,"href":"https:\/\/musique-47.com\/index.php\/wp-json\/wp\/v2\/pages\/82\/revisions"}],"predecessor-version":[{"id":2220,"href":"https:\/\/musique-47.com\/index.php\/wp-json\/wp\/v2\/pages\/82\/revisions\/2220"}],"wp:attachment":[{"href":"https:\/\/musique-47.com\/index.php\/wp-json\/wp\/v2\/media?parent=82"}],"curies":[{"name":"wp","href":"https:\/\/api.w.org\/{rel}","templated":true}]}}