{"id":2581,"date":"2026-04-26T11:04:22","date_gmt":"2026-04-26T09:04:22","guid":{"rendered":"https:\/\/musique-47.com\/?page_id=2581"},"modified":"2026-04-26T11:05:09","modified_gmt":"2026-04-26T09:05:09","slug":"activites","status":"publish","type":"page","link":"https:\/\/musique-47.com\/index.php\/activites\/","title":{"rendered":"Activit\u00e9s"},"content":{"rendered":"\t\t<div data-elementor-type=\"wp-page\" data-elementor-id=\"2581\" class=\"elementor elementor-2581\">\n\t\t\t\t\t\t<section class=\"elementor-section elementor-top-section elementor-element elementor-element-6c1b7a8 elementor-section-boxed elementor-section-height-default elementor-section-height-default\" data-id=\"6c1b7a8\" data-element_type=\"section\" data-e-type=\"section\">\n\t\t\t\t\t\t<div class=\"elementor-container elementor-column-gap-default\">\n\t\t\t\t\t<div class=\"elementor-column elementor-col-100 elementor-top-column elementor-element elementor-element-43d7b4a\" data-id=\"43d7b4a\" data-element_type=\"column\" data-e-type=\"column\">\n\t\t\t<div class=\"elementor-widget-wrap elementor-element-populated\">\n\t\t\t\t\t\t<div class=\"elementor-element elementor-element-b6d6f85 elementor-widget elementor-widget-wpforms\" data-id=\"b6d6f85\" data-element_type=\"widget\" data-e-type=\"widget\" data-widget_type=\"wpforms.default\">\n\t\t\t\t<div class=\"elementor-widget-container\">\n\t\t\t\t\t<div class=\"wpforms-container wpforms-container-full\" id=\"wpforms-2578\"><form id=\"wpforms-form-2578\" class=\"wpforms-validate wpforms-form wpforms-ajax-form\" data-formid=\"2578\" method=\"post\" enctype=\"multipart\/form-data\" action=\"\/index.php\/wp-json\/wp\/v2\/pages\/2581\" data-token=\"bc9244db3975fd73b441768c4ca72c05\" data-token-time=\"1777211446\"><noscript class=\"wpforms-error-noscript\">Veuillez activer JavaScript dans votre navigateur pour remplir ce formulaire.<\/noscript><div class=\"wpforms-field-container\">\t\t<div id=\"wpforms-2578-field_5-container\"\n\t\t\tclass=\"wpforms-field wpforms-field-text\"\n\t\t\tdata-field-type=\"text\"\n\t\t\tdata-field-id=\"5\"\n\t\t\t>\n\t\t\t<label class=\"wpforms-field-label\" for=\"wpforms-2578-field_5\" >\u00e0 E-mail Cases<\/label>\n\t\t\t<input type=\"text\" id=\"wpforms-2578-field_5\" class=\"wpforms-field-medium\" name=\"wpforms[fields][5]\" >\n\t\t<\/div>\n\t\t<div id=\"wpforms-2578-field_1-container\" class=\"wpforms-field wpforms-field-name\" data-field-id=\"1\"><label class=\"wpforms-field-label\">Nom <span class=\"wpforms-required-label\">*<\/span><\/label><div class=\"wpforms-field-row wpforms-field-medium\"><div class=\"wpforms-field-row-block wpforms-first wpforms-one-half\"><input type=\"text\" id=\"wpforms-2578-field_1\" class=\"wpforms-field-name-first wpforms-field-required\" name=\"wpforms[fields][1][first]\" required><label for=\"wpforms-2578-field_1\" class=\"wpforms-field-sublabel after\">Pr\u00e9nom<\/label><\/div><div class=\"wpforms-field-row-block wpforms-one-half\"><input type=\"text\" id=\"wpforms-2578-field_1-last\" class=\"wpforms-field-name-last wpforms-field-required\" name=\"wpforms[fields][1][last]\" required><label for=\"wpforms-2578-field_1-last\" class=\"wpforms-field-sublabel after\">Nom<\/label><\/div><\/div><\/div><div id=\"wpforms-2578-field_4-container\" class=\"wpforms-field wpforms-field-checkbox wpforms-list-inline\" data-field-id=\"4\"><label class=\"wpforms-field-label\">Cases \u00e0 cocher <span class=\"wpforms-required-label\">*<\/span><\/label><ul id=\"wpforms-2578-field_4\" class=\"wpforms-field-required\" data-choice-limit=\"2\"><li class=\"choice-1 depth-1\"><input type=\"checkbox\" id=\"wpforms-2578-field_4_1\" data-rule-check-limit=\"true\" name=\"wpforms[fields][4][]\" value=\"T\u00e9leski 20 \u20ac\" required ><label class=\"wpforms-field-label-inline\" for=\"wpforms-2578-field_4_1\">T\u00e9leski 20 \u20ac<\/label><\/li><li class=\"choice-2 depth-1\"><input type=\"checkbox\" id=\"wpforms-2578-field_4_2\" data-rule-check-limit=\"true\" name=\"wpforms[fields][4][]\" value=\"Aquapark 10 \u20ac\" required ><label class=\"wpforms-field-label-inline\" for=\"wpforms-2578-field_4_2\">Aquapark 10 \u20ac<\/label><\/li><li class=\"choice-3 depth-1\"><input type=\"checkbox\" id=\"wpforms-2578-field_4_3\" data-rule-check-limit=\"true\" name=\"wpforms[fields][4][]\" value=\"Aucune\" required ><label class=\"wpforms-field-label-inline\" for=\"wpforms-2578-field_4_3\">Aucune<\/label><\/li><\/ul><div class=\"wpforms-field-description\">La vitesse du teleski sera r\u00e9gl\u00e9 en fonction de chaque stagiaire.<\/div><\/div><div id=\"wpforms-2578-field_2-container\" class=\"wpforms-field wpforms-field-email\" data-field-id=\"2\"><label class=\"wpforms-field-label\" for=\"wpforms-2578-field_2\">E-mail <span class=\"wpforms-required-label\">*<\/span><\/label><input type=\"email\" id=\"wpforms-2578-field_2\" class=\"wpforms-field-medium wpforms-field-required\" name=\"wpforms[fields][2]\" spellcheck=\"false\" required><\/div><div id=\"wpforms-2578-field_3-container\" class=\"wpforms-field wpforms-field-textarea\" data-field-id=\"3\"><label class=\"wpforms-field-label\" for=\"wpforms-2578-field_3\">Commentaire ou message<\/label><textarea id=\"wpforms-2578-field_3\" class=\"wpforms-field-medium\" name=\"wpforms[fields][3]\" ><\/textarea><\/div><script>\n\t\t\t\t( function() {\n\t\t\t\t\tconst style = document.createElement( 'style' );\n\t\t\t\t\tstyle.appendChild( document.createTextNode( '#wpforms-2578-field_5-container { position: absolute !important; overflow: hidden !important; display: inline !important; height: 1px !important; width: 1px !important; z-index: -1000 !important; padding: 0 !important; } #wpforms-2578-field_5-container input { visibility: hidden; } #wpforms-conversational-form-page #wpforms-2578-field_5-container label { counter-increment: none; }' ) );\n\t\t\t\t\tdocument.head.appendChild( style );\n\t\t\t\t\tdocument.currentScript?.remove();\n\t\t\t\t} )();\n\t\t\t<\/script><\/div><!-- .wpforms-field-container --><div class=\"wpforms-submit-container\" ><input type=\"hidden\" name=\"wpforms[id]\" value=\"2578\"><input type=\"hidden\" name=\"page_title\" value=\"\"><input type=\"hidden\" name=\"page_url\" value=\"https:\/\/musique-47.com\/index.php\/wp-json\/wp\/v2\/pages\/2581\"><input type=\"hidden\" name=\"url_referer\" value=\"\"><button type=\"submit\" name=\"wpforms[submit]\" id=\"wpforms-submit-2578\" class=\"wpforms-submit\" data-alt-text=\"Envoi...\" data-submit-text=\"Envoyer\" aria-live=\"assertive\" value=\"wpforms-submit\">Envoyer<\/button><img decoding=\"async\" src=\"https:\/\/musique-47.com\/wp-content\/plugins\/wpforms\/assets\/images\/submit-spin.svg\" class=\"wpforms-submit-spinner\" style=\"display: none;\" width=\"26\" height=\"26\" alt=\"Chargement en cours\"><\/div><\/form><\/div>  <!-- .wpforms-container -->\t\t\t\t<\/div>\n\t\t\t\t<\/div>\n\t\t\t\t\t<\/div>\n\t\t<\/div>\n\t\t\t\t\t<\/div>\n\t\t<\/section>\n\t\t\t\t<\/div>\n\t\t","protected":false},"excerpt":{"rendered":"<p>Veuillez activer JavaScript dans votre navigateur pour remplir ce formulaire.Nom *Pr\u00e9nomNomCases \u00e0 cocher * T\u00e9leski 20 \u20ac Aquapark 10 \u20ac Aucune La vitesse du teleski sera r\u00e9gl\u00e9 en fonction de chaque stagiaire.E-mail *Commentaire ou message Envoyer<\/p>\n","protected":false},"author":2,"featured_media":0,"parent":0,"menu_order":0,"comment_status":"closed","ping_status":"closed","template":"","meta":{"site-sidebar-layout":"no-sidebar","site-content-layout":"page-builder","ast-site-content-layout":"full-width-container","site-content-style":"default","site-sidebar-style":"default","ast-global-header-display":"","ast-banner-title-visibility":"","ast-main-header-display":"","ast-hfb-above-header-display":"","ast-hfb-below-header-display":"","ast-hfb-mobile-header-display":"","site-post-title":"","ast-breadcrumbs-content":"","ast-featured-img":"disabled","footer-sml-layout":"","ast-disable-related-posts":"","theme-transparent-header-meta":"","adv-header-id-meta":"","stick-header-meta":"","header-above-stick-meta":"","header-main-stick-meta":"","header-below-stick-meta":"","astra-migrate-meta-layouts":"set","ast-page-background-enabled":"default","ast-page-background-meta":{"desktop":{"background-color":"var(--ast-global-color-4)","background-image":"","background-repeat":"repeat","background-position":"center center","background-size":"auto","background-attachment":"scroll","background-type":"","background-media":"","overlay-type":"","overlay-color":"","overlay-opacity":"","overlay-gradient":""},"tablet":{"background-color":"","background-image":"","background-repeat":"repeat","background-position":"center center","background-size":"auto","background-attachment":"scroll","background-type":"","background-media":"","overlay-type":"","overlay-color":"","overlay-opacity":"","overlay-gradient":""},"mobile":{"background-color":"","background-image":"","background-repeat":"repeat","background-position":"center center","background-size":"auto","background-attachment":"scroll","background-type":"","background-media":"","overlay-type":"","overlay-color":"","overlay-opacity":"","overlay-gradient":""}},"ast-content-background-meta":{"desktop":{"background-color":"var(--ast-global-color-5)","background-image":"","background-repeat":"repeat","background-position":"center center","background-size":"auto","background-attachment":"scroll","background-type":"","background-media":"","overlay-type":"","overlay-color":"","overlay-opacity":"","overlay-gradient":""},"tablet":{"background-color":"var(--ast-global-color-5)","background-image":"","background-repeat":"repeat","background-position":"center center","background-size":"auto","background-attachment":"scroll","background-type":"","background-media":"","overlay-type":"","overlay-color":"","overlay-opacity":"","overlay-gradient":""},"mobile":{"background-color":"var(--ast-global-color-5)","background-image":"","background-repeat":"repeat","background-position":"center center","background-size":"auto","background-attachment":"scroll","background-type":"","background-media":"","overlay-type":"","overlay-color":"","overlay-opacity":"","overlay-gradient":""}},"footnotes":""},"class_list":["post-2581","page","type-page","status-publish","hentry"],"yoast_head":"<!-- This site is optimized with the Yoast SEO plugin v27.4 - https:\/\/yoast.com\/product\/yoast-seo-wordpress\/ -->\n<title>Activit\u00e9s - Musique de chambre et orchestres<\/title>\n<meta name=\"robots\" content=\"index, follow, max-snippet:-1, max-image-preview:large, max-video-preview:-1\" \/>\n<link rel=\"canonical\" href=\"https:\/\/musique-47.com\/index.php\/activites\/\" \/>\n<meta property=\"og:locale\" content=\"fr_FR\" \/>\n<meta property=\"og:type\" content=\"article\" \/>\n<meta property=\"og:title\" content=\"Activit\u00e9s - Musique de chambre et orchestres\" \/>\n<meta property=\"og:description\" content=\"Veuillez activer JavaScript dans votre navigateur pour remplir ce formulaire.Nom *Pr\u00e9nomNomCases \u00e0 cocher * T\u00e9leski 20 \u20ac Aquapark 10 \u20ac Aucune La vitesse du teleski sera r\u00e9gl\u00e9 en fonction de chaque stagiaire.E-mail *Commentaire ou message Envoyer\" \/>\n<meta property=\"og:url\" content=\"https:\/\/musique-47.com\/index.php\/activites\/\" \/>\n<meta property=\"og:site_name\" content=\"Musique de chambre et orchestres\" \/>\n<meta property=\"article:publisher\" content=\"https:\/\/www.facebook.com\/StagedeMusique47\/\" \/>\n<meta property=\"article:modified_time\" content=\"2026-04-26T09:05:09+00:00\" \/>\n<meta property=\"og:image\" content=\"https:\/\/musique-47.com\/wp-content\/plugins\/wpforms\/assets\/images\/submit-spin.svg\" \/>\n<meta name=\"twitter:card\" content=\"summary_large_image\" \/>\n<meta name=\"twitter:label1\" content=\"Dur\u00e9e de lecture estim\u00e9e\" \/>\n\t<meta name=\"twitter:data1\" content=\"1 minute\" \/>\n<script type=\"application\/ld+json\" class=\"yoast-schema-graph\">{\"@context\":\"https:\\\/\\\/schema.org\",\"@graph\":[{\"@type\":\"WebPage\",\"@id\":\"https:\\\/\\\/musique-47.com\\\/index.php\\\/activites\\\/\",\"url\":\"https:\\\/\\\/musique-47.com\\\/index.php\\\/activites\\\/\",\"name\":\"Activit\u00e9s - Musique de chambre et orchestres\",\"isPartOf\":{\"@id\":\"https:\\\/\\\/musique-47.com\\\/#website\"},\"primaryImageOfPage\":{\"@id\":\"https:\\\/\\\/musique-47.com\\\/index.php\\\/activites\\\/#primaryimage\"},\"image\":{\"@id\":\"https:\\\/\\\/musique-47.com\\\/index.php\\\/activites\\\/#primaryimage\"},\"thumbnailUrl\":\"https:\\\/\\\/musique-47.com\\\/wp-content\\\/plugins\\\/wpforms\\\/assets\\\/images\\\/submit-spin.svg\",\"datePublished\":\"2026-04-26T09:04:22+00:00\",\"dateModified\":\"2026-04-26T09:05:09+00:00\",\"breadcrumb\":{\"@id\":\"https:\\\/\\\/musique-47.com\\\/index.php\\\/activites\\\/#breadcrumb\"},\"inLanguage\":\"fr-FR\",\"potentialAction\":[{\"@type\":\"ReadAction\",\"target\":[\"https:\\\/\\\/musique-47.com\\\/index.php\\\/activites\\\/\"]}]},{\"@type\":\"ImageObject\",\"inLanguage\":\"fr-FR\",\"@id\":\"https:\\\/\\\/musique-47.com\\\/index.php\\\/activites\\\/#primaryimage\",\"url\":\"https:\\\/\\\/musique-47.com\\\/wp-content\\\/plugins\\\/wpforms\\\/assets\\\/images\\\/submit-spin.svg\",\"contentUrl\":\"https:\\\/\\\/musique-47.com\\\/wp-content\\\/plugins\\\/wpforms\\\/assets\\\/images\\\/submit-spin.svg\"},{\"@type\":\"BreadcrumbList\",\"@id\":\"https:\\\/\\\/musique-47.com\\\/index.php\\\/activites\\\/#breadcrumb\",\"itemListElement\":[{\"@type\":\"ListItem\",\"position\":1,\"name\":\"Accueil\",\"item\":\"https:\\\/\\\/musique-47.com\\\/\"},{\"@type\":\"ListItem\",\"position\":2,\"name\":\"Activit\u00e9s\"}]},{\"@type\":\"WebSite\",\"@id\":\"https:\\\/\\\/musique-47.com\\\/#website\",\"url\":\"https:\\\/\\\/musique-47.com\\\/\",\"name\":\"Musique de chambre et orchestres\",\"description\":\"Acad\u00e9mie du 11 au 19 ao\u00fbt 2023\",\"publisher\":{\"@id\":\"https:\\\/\\\/musique-47.com\\\/#organization\"},\"potentialAction\":[{\"@type\":\"SearchAction\",\"target\":{\"@type\":\"EntryPoint\",\"urlTemplate\":\"https:\\\/\\\/musique-47.com\\\/?s={search_term_string}\"},\"query-input\":{\"@type\":\"PropertyValueSpecification\",\"valueRequired\":true,\"valueName\":\"search_term_string\"}}],\"inLanguage\":\"fr-FR\"},{\"@type\":\"Organization\",\"@id\":\"https:\\\/\\\/musique-47.com\\\/#organization\",\"name\":\"Ensemble Pierre Taconne\",\"url\":\"https:\\\/\\\/musique-47.com\\\/\",\"logo\":{\"@type\":\"ImageObject\",\"inLanguage\":\"fr-FR\",\"@id\":\"https:\\\/\\\/musique-47.com\\\/#\\\/schema\\\/logo\\\/image\\\/\",\"url\":\"https:\\\/\\\/musique-47.com\\\/wp-content\\\/uploads\\\/2023\\\/02\\\/cropped-Logo-EPT.png\",\"contentUrl\":\"https:\\\/\\\/musique-47.com\\\/wp-content\\\/uploads\\\/2023\\\/02\\\/cropped-Logo-EPT.png\",\"width\":77,\"height\":103,\"caption\":\"Ensemble Pierre Taconne\"},\"image\":{\"@id\":\"https:\\\/\\\/musique-47.com\\\/#\\\/schema\\\/logo\\\/image\\\/\"},\"sameAs\":[\"https:\\\/\\\/www.facebook.com\\\/StagedeMusique47\\\/\"]}]}<\/script>\n<!-- \/ Yoast SEO plugin. -->","yoast_head_json":{"title":"Activit\u00e9s - Musique de chambre et orchestres","robots":{"index":"index","follow":"follow","max-snippet":"max-snippet:-1","max-image-preview":"max-image-preview:large","max-video-preview":"max-video-preview:-1"},"canonical":"https:\/\/musique-47.com\/index.php\/activites\/","og_locale":"fr_FR","og_type":"article","og_title":"Activit\u00e9s - Musique de chambre et orchestres","og_description":"Veuillez activer JavaScript dans votre navigateur pour remplir ce formulaire.Nom *Pr\u00e9nomNomCases \u00e0 cocher * T\u00e9leski 20 \u20ac Aquapark 10 \u20ac Aucune La vitesse du teleski sera r\u00e9gl\u00e9 en fonction de chaque stagiaire.E-mail *Commentaire ou message Envoyer","og_url":"https:\/\/musique-47.com\/index.php\/activites\/","og_site_name":"Musique de chambre et orchestres","article_publisher":"https:\/\/www.facebook.com\/StagedeMusique47\/","article_modified_time":"2026-04-26T09:05:09+00:00","og_image":[{"url":"https:\/\/musique-47.com\/wp-content\/plugins\/wpforms\/assets\/images\/submit-spin.svg","type":"","width":"","height":""}],"twitter_card":"summary_large_image","twitter_misc":{"Dur\u00e9e de lecture estim\u00e9e":"1 minute"},"schema":{"@context":"https:\/\/schema.org","@graph":[{"@type":"WebPage","@id":"https:\/\/musique-47.com\/index.php\/activites\/","url":"https:\/\/musique-47.com\/index.php\/activites\/","name":"Activit\u00e9s - Musique de chambre et orchestres","isPartOf":{"@id":"https:\/\/musique-47.com\/#website"},"primaryImageOfPage":{"@id":"https:\/\/musique-47.com\/index.php\/activites\/#primaryimage"},"image":{"@id":"https:\/\/musique-47.com\/index.php\/activites\/#primaryimage"},"thumbnailUrl":"https:\/\/musique-47.com\/wp-content\/plugins\/wpforms\/assets\/images\/submit-spin.svg","datePublished":"2026-04-26T09:04:22+00:00","dateModified":"2026-04-26T09:05:09+00:00","breadcrumb":{"@id":"https:\/\/musique-47.com\/index.php\/activites\/#breadcrumb"},"inLanguage":"fr-FR","potentialAction":[{"@type":"ReadAction","target":["https:\/\/musique-47.com\/index.php\/activites\/"]}]},{"@type":"ImageObject","inLanguage":"fr-FR","@id":"https:\/\/musique-47.com\/index.php\/activites\/#primaryimage","url":"https:\/\/musique-47.com\/wp-content\/plugins\/wpforms\/assets\/images\/submit-spin.svg","contentUrl":"https:\/\/musique-47.com\/wp-content\/plugins\/wpforms\/assets\/images\/submit-spin.svg"},{"@type":"BreadcrumbList","@id":"https:\/\/musique-47.com\/index.php\/activites\/#breadcrumb","itemListElement":[{"@type":"ListItem","position":1,"name":"Accueil","item":"https:\/\/musique-47.com\/"},{"@type":"ListItem","position":2,"name":"Activit\u00e9s"}]},{"@type":"WebSite","@id":"https:\/\/musique-47.com\/#website","url":"https:\/\/musique-47.com\/","name":"Musique de chambre et orchestres","description":"Acad\u00e9mie du 11 au 19 ao\u00fbt 2023","publisher":{"@id":"https:\/\/musique-47.com\/#organization"},"potentialAction":[{"@type":"SearchAction","target":{"@type":"EntryPoint","urlTemplate":"https:\/\/musique-47.com\/?s={search_term_string}"},"query-input":{"@type":"PropertyValueSpecification","valueRequired":true,"valueName":"search_term_string"}}],"inLanguage":"fr-FR"},{"@type":"Organization","@id":"https:\/\/musique-47.com\/#organization","name":"Ensemble Pierre Taconne","url":"https:\/\/musique-47.com\/","logo":{"@type":"ImageObject","inLanguage":"fr-FR","@id":"https:\/\/musique-47.com\/#\/schema\/logo\/image\/","url":"https:\/\/musique-47.com\/wp-content\/uploads\/2023\/02\/cropped-Logo-EPT.png","contentUrl":"https:\/\/musique-47.com\/wp-content\/uploads\/2023\/02\/cropped-Logo-EPT.png","width":77,"height":103,"caption":"Ensemble Pierre Taconne"},"image":{"@id":"https:\/\/musique-47.com\/#\/schema\/logo\/image\/"},"sameAs":["https:\/\/www.facebook.com\/StagedeMusique47\/"]}]}},"_links":{"self":[{"href":"https:\/\/musique-47.com\/index.php\/wp-json\/wp\/v2\/pages\/2581","targetHints":{"allow":["GET"]}}],"collection":[{"href":"https:\/\/musique-47.com\/index.php\/wp-json\/wp\/v2\/pages"}],"about":[{"href":"https:\/\/musique-47.com\/index.php\/wp-json\/wp\/v2\/types\/page"}],"author":[{"embeddable":true,"href":"https:\/\/musique-47.com\/index.php\/wp-json\/wp\/v2\/users\/2"}],"replies":[{"embeddable":true,"href":"https:\/\/musique-47.com\/index.php\/wp-json\/wp\/v2\/comments?post=2581"}],"version-history":[{"count":4,"href":"https:\/\/musique-47.com\/index.php\/wp-json\/wp\/v2\/pages\/2581\/revisions"}],"predecessor-version":[{"id":2585,"href":"https:\/\/musique-47.com\/index.php\/wp-json\/wp\/v2\/pages\/2581\/revisions\/2585"}],"wp:attachment":[{"href":"https:\/\/musique-47.com\/index.php\/wp-json\/wp\/v2\/media?parent=2581"}],"curies":[{"name":"wp","href":"https:\/\/api.w.org\/{rel}","templated":true}]}}