{"id":1964,"date":"2025-04-18T14:20:11","date_gmt":"2025-04-18T12:20:11","guid":{"rendered":"https:\/\/musique-47.com\/?page_id=1964"},"modified":"2026-04-05T17:05:06","modified_gmt":"2026-04-05T15:05:06","slug":"faire-un-don","status":"publish","type":"page","link":"https:\/\/musique-47.com\/index.php\/faire-un-don\/","title":{"rendered":"Faire un don !"},"content":{"rendered":"\t\t<div data-elementor-type=\"wp-page\" data-elementor-id=\"1964\" class=\"elementor elementor-1964\">\n\t\t\t\t\t\t<section class=\"elementor-section elementor-top-section elementor-element elementor-element-dcddc2e elementor-section-boxed elementor-section-height-default elementor-section-height-default\" data-id=\"dcddc2e\" data-element_type=\"section\" data-e-type=\"section\">\n\t\t\t\t\t\t<div class=\"elementor-container elementor-column-gap-default\">\n\t\t\t\t\t<div class=\"elementor-column elementor-col-100 elementor-top-column elementor-element elementor-element-a926d73\" data-id=\"a926d73\" data-element_type=\"column\" data-e-type=\"column\">\n\t\t\t<div class=\"elementor-widget-wrap elementor-element-populated\">\n\t\t\t\t\t\t<div class=\"elementor-element elementor-element-6397981 elementor-widget elementor-widget-heading\" data-id=\"6397981\" data-element_type=\"widget\" data-e-type=\"widget\" data-widget_type=\"heading.default\">\n\t\t\t\t<div class=\"elementor-widget-container\">\n\t\t\t\t\t<h2 class=\"elementor-heading-title elementor-size-default\">Pourquoi un don !<\/h2>\t\t\t\t<\/div>\n\t\t\t\t<\/div>\n\t\t\t\t\t<\/div>\n\t\t<\/div>\n\t\t\t\t\t<\/div>\n\t\t<\/section>\n\t\t\t\t<section class=\"elementor-section elementor-top-section elementor-element elementor-element-8c9467c elementor-section-boxed elementor-section-height-default elementor-section-height-default\" data-id=\"8c9467c\" data-element_type=\"section\" data-e-type=\"section\">\n\t\t\t\t\t\t<div class=\"elementor-container elementor-column-gap-default\">\n\t\t\t\t\t<div class=\"elementor-column elementor-col-100 elementor-top-column elementor-element elementor-element-430818e\" data-id=\"430818e\" data-element_type=\"column\" data-e-type=\"column\">\n\t\t\t<div class=\"elementor-widget-wrap elementor-element-populated\">\n\t\t\t\t\t\t<div class=\"elementor-element elementor-element-b295e26 elementor-widget elementor-widget-text-editor\" data-id=\"b295e26\" data-element_type=\"widget\" data-e-type=\"widget\" data-widget_type=\"text-editor.default\">\n\t\t\t\t<div class=\"elementor-widget-container\">\n\t\t\t\t\t\t\t\t\t<p style=\"text-align: center;\"><span style=\"color: #000000;\"><strong>Faites vibrer la musique\u2026 et b\u00e9n\u00e9ficiez d\u2019une r\u00e9duction d\u2019imp\u00f4t !<\/strong><\/span><\/p><p><span style=\"color: #000000;\">Vous aimez la musique ?\u00a0Vous souhaitez soutenir la culture et l\u2019\u00e9ducation musicale dans votre r\u00e9gion ?<\/span><br \/><span style=\"color: #000000;\">Votre g\u00e9n\u00e9rosit\u00e9 peut faire toute la diff\u00e9rence !<\/span><\/p><p><span style=\"color: #000000;\">Notre association loi 1901 organise chaque ann\u00e9e des concerts et des stages de musique ouverts \u00e0 tous, encadr\u00e9s par des enseignants et musiciens professionnels passionn\u00e9s.<\/span><\/p><p style=\"text-align: center;\"><span style=\"color: #000000;\"><strong>Gr\u00e2ce \u00e0 votre don, nous pourrons<\/strong> :<\/span><\/p><ul><li><span style=\"color: #000000;\">Continuer \u00e0 organiserser des stages encadr\u00e9s par des professionnels pour permettre \u00e0 chacun de progresser et de s\u2019\u00e9panouir.<\/span><\/li><\/ul><ul><li><span style=\"color: #000000;\">Proposer des tarifs accessibles \u00e0 tous, avec des r\u00e9ductions sp\u00e9cifiques pour les familles nombreuses et les jeunes dont la participation<\/span> <span style=\"color: #000000;\">financi\u00e8re est difficilement envisageable.<\/span><\/li><\/ul><ul><li><span style=\"color: #000000;\">Faire vivre la culture et cr\u00e9er du lien dans notre territoire.<\/span><\/li><\/ul><p style=\"text-align: center;\"><span style=\"color: #000000;\"><strong>Soutenir notre association, c\u2019est aussi profiter d\u2019un avantage fiscal :<\/strong><\/span><\/p><p style=\"text-align: center;\"><span style=\"color: #000000;\">Votre don ouvre droit \u00e0 une r\u00e9duction d\u2019imp\u00f4t de 66% du montant vers\u00e9 (dans la limite de 20% de votre revenu imposable).<\/span><br \/><span style=\"color: #000000;\">Par exemple, un don de 50 \u20ac ne vous co\u00fbte en r\u00e9alit\u00e9 que 17 \u20ac apr\u00e8s d\u00e9duction fiscale !<\/span><\/p><p style=\"text-align: center;\"><span style=\"color: #000000;\">Chaque don, m\u00eame modeste, compte et contribue \u00e0 faire rayonner la musique et la culture pour tous.<\/span><br \/><span style=\"color: #000000;\"><strong>Ensemble, faisons vivre la passion musicale !<\/strong><\/span><\/p><p><em><span style=\"color: #000000;\">Les dons sont g\u00e9r\u00e9s par Helloasso.com qui produit les attestations fisccales.<\/span><\/em><\/p><p style=\"text-align: right;\"><span style=\"color: #000000;\">Merci de tout c\u0153ur pour votre soutien.<\/span><\/p>\t\t\t\t\t\t\t\t<\/div>\n\t\t\t\t<\/div>\n\t\t\t\t\t<\/div>\n\t\t<\/div>\n\t\t\t\t\t<\/div>\n\t\t<\/section>\n\t\t\t\t<section class=\"elementor-section elementor-top-section elementor-element elementor-element-903e2b7 elementor-section-boxed elementor-section-height-default elementor-section-height-default\" data-id=\"903e2b7\" data-element_type=\"section\" data-e-type=\"section\">\n\t\t\t\t\t\t<div class=\"elementor-container elementor-column-gap-default\">\n\t\t\t\t\t<div class=\"elementor-column elementor-col-50 elementor-top-column elementor-element elementor-element-9c6e585\" data-id=\"9c6e585\" data-element_type=\"column\" data-e-type=\"column\">\n\t\t\t<div class=\"elementor-widget-wrap elementor-element-populated\">\n\t\t\t\t\t\t<div class=\"elementor-element elementor-element-0b207e9 elementor-widget elementor-widget-text-editor\" data-id=\"0b207e9\" data-element_type=\"widget\" data-e-type=\"widget\" data-widget_type=\"text-editor.default\">\n\t\t\t\t<div class=\"elementor-widget-container\">\n\t\t\t\t\t\t\t\t\t<p>Lien vers Helloasso<br \/><a href=\"https:\/\/www.helloasso.com\/associations\/ensemble-pierre-taconne\/formulaires\/3\">Pour un Don c&#8217;est ici !<\/a><\/p>\t\t\t\t\t\t\t\t<\/div>\n\t\t\t\t<\/div>\n\t\t\t\t\t<\/div>\n\t\t<\/div>\n\t\t\t\t<div class=\"elementor-column elementor-col-50 elementor-top-column elementor-element elementor-element-f274325\" data-id=\"f274325\" data-element_type=\"column\" data-e-type=\"column\">\n\t\t\t<div class=\"elementor-widget-wrap elementor-element-populated\">\n\t\t\t\t\t\t<div class=\"elementor-element elementor-element-44bd49b elementor-widget elementor-widget-image\" data-id=\"44bd49b\" data-element_type=\"widget\" data-e-type=\"widget\" data-widget_type=\"image.default\">\n\t\t\t\t<div class=\"elementor-widget-container\">\n\t\t\t\t\t\t\t\t\t\t\t\t\t\t\t<img decoding=\"async\" width=\"200\" height=\"200\" src=\"https:\/\/musique-47.com\/wp-content\/uploads\/2026\/04\/Helloasso2026.png\" class=\"attachment-large size-large wp-image-2409\" alt=\"\" srcset=\"https:\/\/musique-47.com\/wp-content\/uploads\/2026\/04\/Helloasso2026.png 200w, https:\/\/musique-47.com\/wp-content\/uploads\/2026\/04\/Helloasso2026-150x150.png 150w\" sizes=\"(max-width: 200px) 100vw, 200px\" \/>\t\t\t\t\t\t\t\t\t\t\t\t\t\t\t<\/div>\n\t\t\t\t<\/div>\n\t\t\t\t\t<\/div>\n\t\t<\/div>\n\t\t\t\t\t<\/div>\n\t\t<\/section>\n\t\t\t\t<section class=\"elementor-section elementor-top-section elementor-element elementor-element-cc3fede elementor-section-boxed elementor-section-height-default elementor-section-height-default\" data-id=\"cc3fede\" data-element_type=\"section\" data-e-type=\"section\">\n\t\t\t\t\t\t<div class=\"elementor-container elementor-column-gap-default\">\n\t\t\t\t\t<div class=\"elementor-column elementor-col-100 elementor-top-column elementor-element elementor-element-b039b68\" data-id=\"b039b68\" data-element_type=\"column\" data-e-type=\"column\">\n\t\t\t<div class=\"elementor-widget-wrap elementor-element-populated\">\n\t\t\t\t\t\t<div class=\"elementor-element elementor-element-3870666 elementor-widget elementor-widget-text-editor\" data-id=\"3870666\" data-element_type=\"widget\" data-e-type=\"widget\" data-widget_type=\"text-editor.default\">\n\t\t\t\t<div class=\"elementor-widget-container\">\n\t\t\t\t\t\t\t\t\t<div style=\"line-height: 2; margin: 0; padding: 0;\">\n\n<span style=\"color: #000000;\">Les dons ouvrent droit \u00e0 une r\u00e9duction d&#8217;imp\u00f4t sur le revenu \u00e9gale \u00e0 66 % du montant vers\u00e9 dans la limite de 20 % du revenu imposable.<\/span>\n\n<span style=\"color: #000000;\">Donc nous vous proposons de faire un don qui donne droit \u00e0 une d\u00e9duction d&#8217;imp\u00f4ts.<\/span>\n\n<span style=\"color: #000000;\">Soit, pour un don de :<\/span>\n<div style=\"line-height: 2; margin: 0; padding: 0;\"><span style=\"color: #000000;\">50\u20ac<\/span> : Une <strong><span style=\"color: #339966;\">r\u00e9duction d&#8217;imp\u00f4ts de 33\u20ac<\/span><\/strong>, votre <span style=\"color: #ff0000;\">reste \u00e0 charge est de 17\u20ac<\/span><\/div>\n<div style=\"line-height: 2; margin: 0; padding: 0;\"><span style=\"color: #000000;\">100\u20ac<\/span> : Une <strong><span style=\"color: #339966;\">r\u00e9duction d&#8217;imp\u00f4ts de 66\u20ac<\/span><\/strong>, votre <span style=\"color: #ff0000;\">reste \u00e0 charge est de 34\u20ac<\/span><\/div>\n<div style=\"line-height: 2; margin: 0; padding: 0;\"><span style=\"color: #000000;\">500\u20ac<\/span> : Une <strong><span style=\"color: #339966;\">r\u00e9duction d&#8217;imp\u00f4ts de 330\u20ac<\/span><\/strong>, votre <span style=\"color: #ff0000;\">reste \u00e0 charge est de 170\u20ac<\/span><\/div>\n<div><\/div>\n<\/div>\t\t\t\t\t\t\t\t<\/div>\n\t\t\t\t<\/div>\n\t\t\t\t<div class=\"elementor-element elementor-element-f6b5983 elementor-widget elementor-widget-text-editor\" data-id=\"f6b5983\" data-element_type=\"widget\" data-e-type=\"widget\" data-widget_type=\"text-editor.default\">\n\t\t\t\t<div class=\"elementor-widget-container\">\n\t\t\t\t\t\t\t\t\t<div style=\"line-height: 1; margin: 0; padding: 0;\"><p class=\"my-0\"><strong>Conditions relatives au don<\/strong><\/p><p class=\"my-0\">Pour \u00eatre \u00e9ligible \u00e0 la r\u00e9duction d\u2019imp\u00f4t, le don doit\u202f:<\/p><ul class=\"marker:text-textOff list-disc\"><li><p class=\"my-0\">\u00catre fait sans contrepartie\u202f: le donateur ne doit recevoir aucun avantage en \u00e9change de son don<span class=\"whitespace-nowrap\">.<\/span><\/p><\/li><li><p class=\"my-0\">\u00catre irr\u00e9versible\u202f: le don doit int\u00e9grer d\u00e9finitivement le patrimoine de l\u2019association<span class=\"whitespace-nowrap\">.<\/span><\/p><\/li><li><p class=\"my-0\">\u00catre justifi\u00e9 par un re\u00e7u fiscal\u202f: l\u2019association doit remettre au donateur un re\u00e7u conforme, mentionnant le montant, la date et l\u2019identit\u00e9 du b\u00e9n\u00e9ficiaire<\/p><\/li><\/ul><p class=\"my-0\"><strong>Conditions relatives \u00e0 l\u2019association<\/strong><\/p><p class=\"my-0\">L\u2019association doit imp\u00e9rativement\u202f:<\/p><ul class=\"marker:text-textOff list-disc\"><li><p class=\"my-0\">Avoir un but non lucratif\u202f: ses activit\u00e9s ne doivent pas g\u00e9n\u00e9rer de b\u00e9n\u00e9fices redistribu\u00e9s \u00e0 ses membres<span class=\"whitespace-nowrap\">.<\/span><\/p><\/li><li><p class=\"my-0\">Pr\u00e9senter une gestion d\u00e9sint\u00e9ress\u00e9e\u202f: les dirigeants doivent exercer leurs fonctions \u00e0 titre b\u00e9n\u00e9vole ou percevoir une r\u00e9mun\u00e9ration mod\u00e9r\u00e9e<span class=\"whitespace-nowrap\">.<\/span><\/p><\/li><li><p class=\"my-0\">Ne pas fonctionner au profit d\u2019un cercle restreint de personnes\u202f: elle doit b\u00e9n\u00e9ficier \u00e0 un large public et non \u00e0 un groupe ferm\u00e9 de membres ou de dirigeants<span class=\"whitespace-nowrap\">.<\/span><\/p><\/li><li><p class=\"my-0\">Remplir un objet social d\u2019int\u00e9r\u00eat g\u00e9n\u00e9ral\u202f: l\u2019association doit exercer une activit\u00e9 \u00e0 caract\u00e8re philanthropique, \u00e9ducatif, scientifique, social, humanitaire, sportif, familial, culturel, ou concourir \u00e0 la mise en valeur du patrimoine, \u00e0 la d\u00e9fense de l\u2019environnement ou \u00e0 la diffusion de la culture<span class=\"whitespace-nowrap\">.<\/span><\/p><\/li><\/ul><p class=\"my-0\">Seules les associations r\u00e9pondant \u00e0 ces crit\u00e8res peuvent d\u00e9livrer des re\u00e7us fiscaux ouvrant droit \u00e0 une r\u00e9duction d\u2019imp\u00f4t pour leurs donateurs<span class=\"whitespace-nowrap\">.<\/span><\/p><\/div>\t\t\t\t\t\t\t\t<\/div>\n\t\t\t\t<\/div>\n\t\t\t\t\t<\/div>\n\t\t<\/div>\n\t\t\t\t\t<\/div>\n\t\t<\/section>\n\t\t\t\t<\/div>\n\t\t","protected":false},"excerpt":{"rendered":"<p>Pourquoi un don ! Faites vibrer la musique\u2026 et b\u00e9n\u00e9ficiez d\u2019une r\u00e9duction d\u2019imp\u00f4t ! Vous aimez la musique ?\u00a0Vous souhaitez soutenir la culture et l\u2019\u00e9ducation musicale dans votre r\u00e9gion ?Votre g\u00e9n\u00e9rosit\u00e9 peut faire toute la diff\u00e9rence ! Notre association loi 1901 organise chaque ann\u00e9e des concerts et des stages de musique ouverts \u00e0 tous, encadr\u00e9s [&hellip;]<\/p>\n","protected":false},"author":2,"featured_media":0,"parent":0,"menu_order":0,"comment_status":"closed","ping_status":"closed","template":"","meta":{"site-sidebar-layout":"no-sidebar","site-content-layout":"page-builder","ast-site-content-layout":"full-width-container","site-content-style":"default","site-sidebar-style":"default","ast-global-header-display":"","ast-banner-title-visibility":"","ast-main-header-display":"","ast-hfb-above-header-display":"","ast-hfb-below-header-display":"","ast-hfb-mobile-header-display":"","site-post-title":"disabled","ast-breadcrumbs-content":"","ast-featured-img":"disabled","footer-sml-layout":"","ast-disable-related-posts":"","theme-transparent-header-meta":"","adv-header-id-meta":"","stick-header-meta":"","header-above-stick-meta":"","header-main-stick-meta":"","header-below-stick-meta":"","astra-migrate-meta-layouts":"set","ast-page-background-enabled":"default","ast-page-background-meta":{"desktop":{"background-color":"var(--ast-global-color-4)","background-image":"","background-repeat":"repeat","background-position":"center center","background-size":"auto","background-attachment":"scroll","background-type":"","background-media":"","overlay-type":"","overlay-color":"","overlay-opacity":"","overlay-gradient":""},"tablet":{"background-color":"","background-image":"","background-repeat":"repeat","background-position":"center center","background-size":"auto","background-attachment":"scroll","background-type":"","background-media":"","overlay-type":"","overlay-color":"","overlay-opacity":"","overlay-gradient":""},"mobile":{"background-color":"","background-image":"","background-repeat":"repeat","background-position":"center center","background-size":"auto","background-attachment":"scroll","background-type":"","background-media":"","overlay-type":"","overlay-color":"","overlay-opacity":"","overlay-gradient":""}},"ast-content-background-meta":{"desktop":{"background-color":"var(--ast-global-color-5)","background-image":"","background-repeat":"repeat","background-position":"center center","background-size":"auto","background-attachment":"scroll","background-type":"","background-media":"","overlay-type":"","overlay-color":"","overlay-opacity":"","overlay-gradient":""},"tablet":{"background-color":"var(--ast-global-color-5)","background-image":"","background-repeat":"repeat","background-position":"center center","background-size":"auto","background-attachment":"scroll","background-type":"","background-media":"","overlay-type":"","overlay-color":"","overlay-opacity":"","overlay-gradient":""},"mobile":{"background-color":"var(--ast-global-color-5)","background-image":"","background-repeat":"repeat","background-position":"center center","background-size":"auto","background-attachment":"scroll","background-type":"","background-media":"","overlay-type":"","overlay-color":"","overlay-opacity":"","overlay-gradient":""}},"footnotes":""},"class_list":["post-1964","page","type-page","status-publish","hentry"],"yoast_head":"<!-- This site is optimized with the Yoast SEO plugin v27.4 - https:\/\/yoast.com\/product\/yoast-seo-wordpress\/ -->\n<title>Faire un don ! - Musique de chambre et orchestres<\/title>\n<meta name=\"robots\" content=\"index, follow, max-snippet:-1, max-image-preview:large, max-video-preview:-1\" \/>\n<link rel=\"canonical\" href=\"https:\/\/musique-47.com\/index.php\/faire-un-don\/\" \/>\n<meta property=\"og:locale\" content=\"fr_FR\" \/>\n<meta property=\"og:type\" content=\"article\" \/>\n<meta property=\"og:title\" content=\"Faire un don ! - Musique de chambre et orchestres\" \/>\n<meta property=\"og:description\" content=\"Pourquoi un don ! Faites vibrer la musique\u2026 et b\u00e9n\u00e9ficiez d\u2019une r\u00e9duction d\u2019imp\u00f4t ! Vous aimez la musique ?\u00a0Vous souhaitez soutenir la culture et l\u2019\u00e9ducation musicale dans votre r\u00e9gion ?Votre g\u00e9n\u00e9rosit\u00e9 peut faire toute la diff\u00e9rence ! Notre association loi 1901 organise chaque ann\u00e9e des concerts et des stages de musique ouverts \u00e0 tous, encadr\u00e9s [&hellip;]\" \/>\n<meta property=\"og:url\" content=\"https:\/\/musique-47.com\/index.php\/faire-un-don\/\" \/>\n<meta property=\"og:site_name\" content=\"Musique de chambre et orchestres\" \/>\n<meta property=\"article:publisher\" content=\"https:\/\/www.facebook.com\/StagedeMusique47\/\" \/>\n<meta property=\"article:modified_time\" content=\"2026-04-05T15:05:06+00:00\" \/>\n<meta property=\"og:image\" content=\"https:\/\/musique-47.com\/wp-content\/uploads\/2026\/04\/Helloasso2026.png\" \/>\n\t<meta property=\"og:image:width\" content=\"200\" \/>\n\t<meta property=\"og:image:height\" content=\"200\" \/>\n\t<meta property=\"og:image:type\" content=\"image\/png\" \/>\n<meta name=\"twitter:card\" content=\"summary_large_image\" \/>\n<meta name=\"twitter:label1\" content=\"Dur\u00e9e de lecture estim\u00e9e\" \/>\n\t<meta name=\"twitter:data1\" content=\"3 minutes\" \/>\n<script type=\"application\/ld+json\" class=\"yoast-schema-graph\">{\"@context\":\"https:\\\/\\\/schema.org\",\"@graph\":[{\"@type\":\"WebPage\",\"@id\":\"https:\\\/\\\/musique-47.com\\\/index.php\\\/faire-un-don\\\/\",\"url\":\"https:\\\/\\\/musique-47.com\\\/index.php\\\/faire-un-don\\\/\",\"name\":\"Faire un don ! - Musique de chambre et orchestres\",\"isPartOf\":{\"@id\":\"https:\\\/\\\/musique-47.com\\\/#website\"},\"primaryImageOfPage\":{\"@id\":\"https:\\\/\\\/musique-47.com\\\/index.php\\\/faire-un-don\\\/#primaryimage\"},\"image\":{\"@id\":\"https:\\\/\\\/musique-47.com\\\/index.php\\\/faire-un-don\\\/#primaryimage\"},\"thumbnailUrl\":\"https:\\\/\\\/musique-47.com\\\/wp-content\\\/uploads\\\/2026\\\/04\\\/Helloasso2026.png\",\"datePublished\":\"2025-04-18T12:20:11+00:00\",\"dateModified\":\"2026-04-05T15:05:06+00:00\",\"breadcrumb\":{\"@id\":\"https:\\\/\\\/musique-47.com\\\/index.php\\\/faire-un-don\\\/#breadcrumb\"},\"inLanguage\":\"fr-FR\",\"potentialAction\":[{\"@type\":\"ReadAction\",\"target\":[\"https:\\\/\\\/musique-47.com\\\/index.php\\\/faire-un-don\\\/\"]}]},{\"@type\":\"ImageObject\",\"inLanguage\":\"fr-FR\",\"@id\":\"https:\\\/\\\/musique-47.com\\\/index.php\\\/faire-un-don\\\/#primaryimage\",\"url\":\"https:\\\/\\\/musique-47.com\\\/wp-content\\\/uploads\\\/2026\\\/04\\\/Helloasso2026.png\",\"contentUrl\":\"https:\\\/\\\/musique-47.com\\\/wp-content\\\/uploads\\\/2026\\\/04\\\/Helloasso2026.png\",\"width\":200,\"height\":200},{\"@type\":\"BreadcrumbList\",\"@id\":\"https:\\\/\\\/musique-47.com\\\/index.php\\\/faire-un-don\\\/#breadcrumb\",\"itemListElement\":[{\"@type\":\"ListItem\",\"position\":1,\"name\":\"Accueil\",\"item\":\"https:\\\/\\\/musique-47.com\\\/\"},{\"@type\":\"ListItem\",\"position\":2,\"name\":\"Faire un don !\"}]},{\"@type\":\"WebSite\",\"@id\":\"https:\\\/\\\/musique-47.com\\\/#website\",\"url\":\"https:\\\/\\\/musique-47.com\\\/\",\"name\":\"Musique de chambre et orchestres\",\"description\":\"Acad\u00e9mie du 11 au 19 ao\u00fbt 2023\",\"publisher\":{\"@id\":\"https:\\\/\\\/musique-47.com\\\/#organization\"},\"potentialAction\":[{\"@type\":\"SearchAction\",\"target\":{\"@type\":\"EntryPoint\",\"urlTemplate\":\"https:\\\/\\\/musique-47.com\\\/?s={search_term_string}\"},\"query-input\":{\"@type\":\"PropertyValueSpecification\",\"valueRequired\":true,\"valueName\":\"search_term_string\"}}],\"inLanguage\":\"fr-FR\"},{\"@type\":\"Organization\",\"@id\":\"https:\\\/\\\/musique-47.com\\\/#organization\",\"name\":\"Ensemble Pierre Taconne\",\"url\":\"https:\\\/\\\/musique-47.com\\\/\",\"logo\":{\"@type\":\"ImageObject\",\"inLanguage\":\"fr-FR\",\"@id\":\"https:\\\/\\\/musique-47.com\\\/#\\\/schema\\\/logo\\\/image\\\/\",\"url\":\"https:\\\/\\\/musique-47.com\\\/wp-content\\\/uploads\\\/2023\\\/02\\\/cropped-Logo-EPT.png\",\"contentUrl\":\"https:\\\/\\\/musique-47.com\\\/wp-content\\\/uploads\\\/2023\\\/02\\\/cropped-Logo-EPT.png\",\"width\":77,\"height\":103,\"caption\":\"Ensemble Pierre Taconne\"},\"image\":{\"@id\":\"https:\\\/\\\/musique-47.com\\\/#\\\/schema\\\/logo\\\/image\\\/\"},\"sameAs\":[\"https:\\\/\\\/www.facebook.com\\\/StagedeMusique47\\\/\"]}]}<\/script>\n<!-- \/ Yoast SEO plugin. -->","yoast_head_json":{"title":"Faire un don ! - Musique de chambre et orchestres","robots":{"index":"index","follow":"follow","max-snippet":"max-snippet:-1","max-image-preview":"max-image-preview:large","max-video-preview":"max-video-preview:-1"},"canonical":"https:\/\/musique-47.com\/index.php\/faire-un-don\/","og_locale":"fr_FR","og_type":"article","og_title":"Faire un don ! - Musique de chambre et orchestres","og_description":"Pourquoi un don ! Faites vibrer la musique\u2026 et b\u00e9n\u00e9ficiez d\u2019une r\u00e9duction d\u2019imp\u00f4t ! Vous aimez la musique ?\u00a0Vous souhaitez soutenir la culture et l\u2019\u00e9ducation musicale dans votre r\u00e9gion ?Votre g\u00e9n\u00e9rosit\u00e9 peut faire toute la diff\u00e9rence ! Notre association loi 1901 organise chaque ann\u00e9e des concerts et des stages de musique ouverts \u00e0 tous, encadr\u00e9s [&hellip;]","og_url":"https:\/\/musique-47.com\/index.php\/faire-un-don\/","og_site_name":"Musique de chambre et orchestres","article_publisher":"https:\/\/www.facebook.com\/StagedeMusique47\/","article_modified_time":"2026-04-05T15:05:06+00:00","og_image":[{"width":200,"height":200,"url":"https:\/\/musique-47.com\/wp-content\/uploads\/2026\/04\/Helloasso2026.png","type":"image\/png"}],"twitter_card":"summary_large_image","twitter_misc":{"Dur\u00e9e de lecture estim\u00e9e":"3 minutes"},"schema":{"@context":"https:\/\/schema.org","@graph":[{"@type":"WebPage","@id":"https:\/\/musique-47.com\/index.php\/faire-un-don\/","url":"https:\/\/musique-47.com\/index.php\/faire-un-don\/","name":"Faire un don ! - Musique de chambre et orchestres","isPartOf":{"@id":"https:\/\/musique-47.com\/#website"},"primaryImageOfPage":{"@id":"https:\/\/musique-47.com\/index.php\/faire-un-don\/#primaryimage"},"image":{"@id":"https:\/\/musique-47.com\/index.php\/faire-un-don\/#primaryimage"},"thumbnailUrl":"https:\/\/musique-47.com\/wp-content\/uploads\/2026\/04\/Helloasso2026.png","datePublished":"2025-04-18T12:20:11+00:00","dateModified":"2026-04-05T15:05:06+00:00","breadcrumb":{"@id":"https:\/\/musique-47.com\/index.php\/faire-un-don\/#breadcrumb"},"inLanguage":"fr-FR","potentialAction":[{"@type":"ReadAction","target":["https:\/\/musique-47.com\/index.php\/faire-un-don\/"]}]},{"@type":"ImageObject","inLanguage":"fr-FR","@id":"https:\/\/musique-47.com\/index.php\/faire-un-don\/#primaryimage","url":"https:\/\/musique-47.com\/wp-content\/uploads\/2026\/04\/Helloasso2026.png","contentUrl":"https:\/\/musique-47.com\/wp-content\/uploads\/2026\/04\/Helloasso2026.png","width":200,"height":200},{"@type":"BreadcrumbList","@id":"https:\/\/musique-47.com\/index.php\/faire-un-don\/#breadcrumb","itemListElement":[{"@type":"ListItem","position":1,"name":"Accueil","item":"https:\/\/musique-47.com\/"},{"@type":"ListItem","position":2,"name":"Faire un don !"}]},{"@type":"WebSite","@id":"https:\/\/musique-47.com\/#website","url":"https:\/\/musique-47.com\/","name":"Musique de chambre et orchestres","description":"Acad\u00e9mie du 11 au 19 ao\u00fbt 2023","publisher":{"@id":"https:\/\/musique-47.com\/#organization"},"potentialAction":[{"@type":"SearchAction","target":{"@type":"EntryPoint","urlTemplate":"https:\/\/musique-47.com\/?s={search_term_string}"},"query-input":{"@type":"PropertyValueSpecification","valueRequired":true,"valueName":"search_term_string"}}],"inLanguage":"fr-FR"},{"@type":"Organization","@id":"https:\/\/musique-47.com\/#organization","name":"Ensemble Pierre Taconne","url":"https:\/\/musique-47.com\/","logo":{"@type":"ImageObject","inLanguage":"fr-FR","@id":"https:\/\/musique-47.com\/#\/schema\/logo\/image\/","url":"https:\/\/musique-47.com\/wp-content\/uploads\/2023\/02\/cropped-Logo-EPT.png","contentUrl":"https:\/\/musique-47.com\/wp-content\/uploads\/2023\/02\/cropped-Logo-EPT.png","width":77,"height":103,"caption":"Ensemble Pierre Taconne"},"image":{"@id":"https:\/\/musique-47.com\/#\/schema\/logo\/image\/"},"sameAs":["https:\/\/www.facebook.com\/StagedeMusique47\/"]}]}},"_links":{"self":[{"href":"https:\/\/musique-47.com\/index.php\/wp-json\/wp\/v2\/pages\/1964","targetHints":{"allow":["GET"]}}],"collection":[{"href":"https:\/\/musique-47.com\/index.php\/wp-json\/wp\/v2\/pages"}],"about":[{"href":"https:\/\/musique-47.com\/index.php\/wp-json\/wp\/v2\/types\/page"}],"author":[{"embeddable":true,"href":"https:\/\/musique-47.com\/index.php\/wp-json\/wp\/v2\/users\/2"}],"replies":[{"embeddable":true,"href":"https:\/\/musique-47.com\/index.php\/wp-json\/wp\/v2\/comments?post=1964"}],"version-history":[{"count":57,"href":"https:\/\/musique-47.com\/index.php\/wp-json\/wp\/v2\/pages\/1964\/revisions"}],"predecessor-version":[{"id":2418,"href":"https:\/\/musique-47.com\/index.php\/wp-json\/wp\/v2\/pages\/1964\/revisions\/2418"}],"wp:attachment":[{"href":"https:\/\/musique-47.com\/index.php\/wp-json\/wp\/v2\/media?parent=1964"}],"curies":[{"name":"wp","href":"https:\/\/api.w.org\/{rel}","templated":true}]}}