{"id":156,"date":"2023-02-15T16:50:22","date_gmt":"2023-02-15T15:50:22","guid":{"rendered":"https:\/\/musique-47.com\/?page_id=156"},"modified":"2026-03-09T11:33:18","modified_gmt":"2026-03-09T10:33:18","slug":"professeurs","status":"publish","type":"page","link":"https:\/\/musique-47.com\/index.php\/professeurs\/","title":{"rendered":"Professeurs"},"content":{"rendered":"\t\t<div data-elementor-type=\"wp-page\" data-elementor-id=\"156\" class=\"elementor elementor-156\">\n\t\t\t\t\t\t<section class=\"elementor-section elementor-top-section elementor-element elementor-element-b905c42 elementor-section-boxed elementor-section-height-default elementor-section-height-default\" data-id=\"b905c42\" data-element_type=\"section\" data-e-type=\"section\">\n\t\t\t\t\t\t<div class=\"elementor-container elementor-column-gap-default\">\n\t\t\t\t\t<div class=\"elementor-column elementor-col-100 elementor-top-column elementor-element elementor-element-2709859f\" data-id=\"2709859f\" data-element_type=\"column\" data-e-type=\"column\">\n\t\t\t<div class=\"elementor-widget-wrap elementor-element-populated\">\n\t\t\t\t\t\t<div class=\"elementor-element elementor-element-607979d elementor-widget elementor-widget-text-editor\" data-id=\"607979d\" data-element_type=\"widget\" data-e-type=\"widget\" data-widget_type=\"text-editor.default\">\n\t\t\t\t<div class=\"elementor-widget-container\">\n\t\t\t\t\t\t\t\t\t<p><span style=\"color: #333333;\"><\/span><\/p>\n<p style=\"padding-left: 80px;\"><span style=\"color: #333333;\"><strong style=\"font-style: inherit; font-family: var( --e-global-typography-text-font-family ), Sans-serif; background-color: var(--ast-global-color-5);\">Violon:<\/strong>\u00a0Camille Leycuras, Olivier Parrot<\/span><br \/><span style=\"color: #333333;\"><strong>Alto :<\/strong>\u00a0Magali Apparailly<\/span><br \/><span style=\"color: #333333;\"><strong>Violoncelle et Contrebasse :<\/strong> No\u00e9lie Rolland<\/span><br \/><span style=\"color: #333333;\"><strong>Fl\u00fbte traversi\u00e8re:<\/strong> Fernando Uehra<\/span><br \/><span style=\"color: #333333;\"><strong>Basson: <\/strong>Joanna Pensec<\/span><br \/><span style=\"color: #333333;\"><strong>Hautbois:<\/strong> Isabelle Vicente Da Silva, Marine Zubeldia<\/span><br \/><span style=\"color: #333333;\"><strong>Clarinette:<\/strong> Aur\u00e9lien Cescousse<\/span><br \/><span style=\"color: #333333;\"><strong>Trombone:<\/strong> J\u00e9r\u00f4me Carr\u00e9<\/span><br \/><span style=\"color: #333333;\"><strong>Cuivres et Brass Band :<\/strong>\u00a0J\u00e9r\u00f4me Carr\u00e9<\/span><br \/><span style=\"color: #333333;\"><strong>Harmonie :<\/strong>\u00a0J\u00e9r\u00f4me Carr\u00e9, Aur\u00e9lien Cescousse<\/span><br \/><span style=\"color: #333333;\"><strong>Ensemble \u00e0 cordes :<\/strong>\u00a0Camille Leycuras, Sandrine Lef\u00e8bvre, Olivier Parrot<\/span><br \/><span style=\"color: #333333;\"><strong>Symphonique :<\/strong>\u00a0Pascal Apparailly<\/span><\/p>\n<p><\/p>\n<p><\/p>\n<p><\/p>\n<p><\/p>\n<p><\/p>\n<p><\/p>\n<p><\/p>\n<p><\/p>\n<p><\/p>\n<p><\/p>\n<p><\/p>\n<p><\/p>\n<p><\/p>\n<p><\/p>\n<p><\/p>\n<p><\/p>\n<p><\/p>\n<p><\/p>\n<p><\/p>\n<p><\/p>\n<p><\/p>\t\t\t\t\t\t\t\t<\/div>\n\t\t\t\t<\/div>\n\t\t\t\t\t<\/div>\n\t\t<\/div>\n\t\t\t\t\t<\/div>\n\t\t<\/section>\n\t\t\t\t<\/div>\n\t\t","protected":false},"excerpt":{"rendered":"<p>Violon:\u00a0Camille Leycuras, Olivier ParrotAlto :\u00a0Magali ApparaillyVioloncelle et Contrebasse : No\u00e9lie RollandFl\u00fbte traversi\u00e8re: Fernando UehraBasson: Joanna PensecHautbois: Isabelle Vicente Da Silva, Marine ZubeldiaClarinette: Aur\u00e9lien CescousseTrombone: J\u00e9r\u00f4me Carr\u00e9Cuivres et Brass Band :\u00a0J\u00e9r\u00f4me Carr\u00e9Harmonie :\u00a0J\u00e9r\u00f4me Carr\u00e9, Aur\u00e9lien CescousseEnsemble \u00e0 cordes :\u00a0Camille Leycuras, Sandrine Lef\u00e8bvre, Olivier ParrotSymphonique :\u00a0Pascal Apparailly<\/p>\n","protected":false},"author":2,"featured_media":0,"parent":0,"menu_order":0,"comment_status":"closed","ping_status":"closed","template":"","meta":{"site-sidebar-layout":"default","site-content-layout":"","ast-site-content-layout":"default","site-content-style":"default","site-sidebar-style":"default","ast-global-header-display":"","ast-banner-title-visibility":"","ast-main-header-display":"","ast-hfb-above-header-display":"","ast-hfb-below-header-display":"","ast-hfb-mobile-header-display":"","site-post-title":"","ast-breadcrumbs-content":"","ast-featured-img":"","footer-sml-layout":"","ast-disable-related-posts":"","theme-transparent-header-meta":"","adv-header-id-meta":"","stick-header-meta":"","header-above-stick-meta":"","header-main-stick-meta":"","header-below-stick-meta":"","astra-migrate-meta-layouts":"default","ast-page-background-enabled":"default","ast-page-background-meta":{"desktop":{"background-color":"var(--ast-global-color-4)","background-image":"","background-repeat":"repeat","background-position":"center center","background-size":"auto","background-attachment":"scroll","background-type":"","background-media":"","overlay-type":"","overlay-color":"","overlay-opacity":"","overlay-gradient":""},"tablet":{"background-color":"","background-image":"","background-repeat":"repeat","background-position":"center center","background-size":"auto","background-attachment":"scroll","background-type":"","background-media":"","overlay-type":"","overlay-color":"","overlay-opacity":"","overlay-gradient":""},"mobile":{"background-color":"","background-image":"","background-repeat":"repeat","background-position":"center center","background-size":"auto","background-attachment":"scroll","background-type":"","background-media":"","overlay-type":"","overlay-color":"","overlay-opacity":"","overlay-gradient":""}},"ast-content-background-meta":{"desktop":{"background-color":"var(--ast-global-color-5)","background-image":"","background-repeat":"repeat","background-position":"center center","background-size":"auto","background-attachment":"scroll","background-type":"","background-media":"","overlay-type":"","overlay-color":"","overlay-opacity":"","overlay-gradient":""},"tablet":{"background-color":"var(--ast-global-color-5)","background-image":"","background-repeat":"repeat","background-position":"center center","background-size":"auto","background-attachment":"scroll","background-type":"","background-media":"","overlay-type":"","overlay-color":"","overlay-opacity":"","overlay-gradient":""},"mobile":{"background-color":"var(--ast-global-color-5)","background-image":"","background-repeat":"repeat","background-position":"center center","background-size":"auto","background-attachment":"scroll","background-type":"","background-media":"","overlay-type":"","overlay-color":"","overlay-opacity":"","overlay-gradient":""}},"footnotes":""},"class_list":["post-156","page","type-page","status-publish","hentry"],"yoast_head":"<!-- This site is optimized with the Yoast SEO plugin v27.3 - https:\/\/yoast.com\/product\/yoast-seo-wordpress\/ -->\n<title>Professeurs - Musique de chambre et orchestres<\/title>\n<meta name=\"robots\" content=\"index, follow, max-snippet:-1, max-image-preview:large, max-video-preview:-1\" \/>\n<link rel=\"canonical\" href=\"https:\/\/musique-47.com\/index.php\/professeurs\/\" \/>\n<meta property=\"og:locale\" content=\"fr_FR\" \/>\n<meta property=\"og:type\" content=\"article\" \/>\n<meta property=\"og:title\" content=\"Professeurs - Musique de chambre et orchestres\" \/>\n<meta property=\"og:description\" content=\"Violon:\u00a0Camille Leycuras, Olivier ParrotAlto :\u00a0Magali ApparaillyVioloncelle et Contrebasse : No\u00e9lie RollandFl\u00fbte traversi\u00e8re: Fernando UehraBasson: Joanna PensecHautbois: Isabelle Vicente Da Silva, Marine ZubeldiaClarinette: Aur\u00e9lien CescousseTrombone: J\u00e9r\u00f4me Carr\u00e9Cuivres et Brass Band :\u00a0J\u00e9r\u00f4me Carr\u00e9Harmonie :\u00a0J\u00e9r\u00f4me Carr\u00e9, Aur\u00e9lien CescousseEnsemble \u00e0 cordes :\u00a0Camille Leycuras, Sandrine Lef\u00e8bvre, Olivier ParrotSymphonique :\u00a0Pascal Apparailly\" \/>\n<meta property=\"og:url\" content=\"https:\/\/musique-47.com\/index.php\/professeurs\/\" \/>\n<meta property=\"og:site_name\" content=\"Musique de chambre et orchestres\" \/>\n<meta property=\"article:publisher\" content=\"https:\/\/www.facebook.com\/StagedeMusique47\/\" \/>\n<meta property=\"article:modified_time\" content=\"2026-03-09T10:33:18+00:00\" \/>\n<meta name=\"twitter:card\" content=\"summary_large_image\" \/>\n<meta name=\"twitter:label1\" content=\"Dur\u00e9e de lecture estim\u00e9e\" \/>\n\t<meta name=\"twitter:data1\" content=\"1 minute\" \/>\n<script type=\"application\/ld+json\" class=\"yoast-schema-graph\">{\"@context\":\"https:\\\/\\\/schema.org\",\"@graph\":[{\"@type\":\"WebPage\",\"@id\":\"https:\\\/\\\/musique-47.com\\\/index.php\\\/professeurs\\\/\",\"url\":\"https:\\\/\\\/musique-47.com\\\/index.php\\\/professeurs\\\/\",\"name\":\"Professeurs - Musique de chambre et orchestres\",\"isPartOf\":{\"@id\":\"https:\\\/\\\/musique-47.com\\\/#website\"},\"datePublished\":\"2023-02-15T15:50:22+00:00\",\"dateModified\":\"2026-03-09T10:33:18+00:00\",\"breadcrumb\":{\"@id\":\"https:\\\/\\\/musique-47.com\\\/index.php\\\/professeurs\\\/#breadcrumb\"},\"inLanguage\":\"fr-FR\",\"potentialAction\":[{\"@type\":\"ReadAction\",\"target\":[\"https:\\\/\\\/musique-47.com\\\/index.php\\\/professeurs\\\/\"]}]},{\"@type\":\"BreadcrumbList\",\"@id\":\"https:\\\/\\\/musique-47.com\\\/index.php\\\/professeurs\\\/#breadcrumb\",\"itemListElement\":[{\"@type\":\"ListItem\",\"position\":1,\"name\":\"Accueil\",\"item\":\"https:\\\/\\\/musique-47.com\\\/\"},{\"@type\":\"ListItem\",\"position\":2,\"name\":\"Professeurs\"}]},{\"@type\":\"WebSite\",\"@id\":\"https:\\\/\\\/musique-47.com\\\/#website\",\"url\":\"https:\\\/\\\/musique-47.com\\\/\",\"name\":\"Musique de chambre et orchestres\",\"description\":\"Acad\u00e9mie du 11 au 19 ao\u00fbt 2023\",\"publisher\":{\"@id\":\"https:\\\/\\\/musique-47.com\\\/#organization\"},\"potentialAction\":[{\"@type\":\"SearchAction\",\"target\":{\"@type\":\"EntryPoint\",\"urlTemplate\":\"https:\\\/\\\/musique-47.com\\\/?s={search_term_string}\"},\"query-input\":{\"@type\":\"PropertyValueSpecification\",\"valueRequired\":true,\"valueName\":\"search_term_string\"}}],\"inLanguage\":\"fr-FR\"},{\"@type\":\"Organization\",\"@id\":\"https:\\\/\\\/musique-47.com\\\/#organization\",\"name\":\"Ensemble Pierre Taconne\",\"url\":\"https:\\\/\\\/musique-47.com\\\/\",\"logo\":{\"@type\":\"ImageObject\",\"inLanguage\":\"fr-FR\",\"@id\":\"https:\\\/\\\/musique-47.com\\\/#\\\/schema\\\/logo\\\/image\\\/\",\"url\":\"https:\\\/\\\/musique-47.com\\\/wp-content\\\/uploads\\\/2023\\\/02\\\/cropped-Logo-EPT.png\",\"contentUrl\":\"https:\\\/\\\/musique-47.com\\\/wp-content\\\/uploads\\\/2023\\\/02\\\/cropped-Logo-EPT.png\",\"width\":77,\"height\":103,\"caption\":\"Ensemble Pierre Taconne\"},\"image\":{\"@id\":\"https:\\\/\\\/musique-47.com\\\/#\\\/schema\\\/logo\\\/image\\\/\"},\"sameAs\":[\"https:\\\/\\\/www.facebook.com\\\/StagedeMusique47\\\/\"]}]}<\/script>\n<!-- \/ Yoast SEO plugin. -->","yoast_head_json":{"title":"Professeurs - Musique de chambre et orchestres","robots":{"index":"index","follow":"follow","max-snippet":"max-snippet:-1","max-image-preview":"max-image-preview:large","max-video-preview":"max-video-preview:-1"},"canonical":"https:\/\/musique-47.com\/index.php\/professeurs\/","og_locale":"fr_FR","og_type":"article","og_title":"Professeurs - Musique de chambre et orchestres","og_description":"Violon:\u00a0Camille Leycuras, Olivier ParrotAlto :\u00a0Magali ApparaillyVioloncelle et Contrebasse : No\u00e9lie RollandFl\u00fbte traversi\u00e8re: Fernando UehraBasson: Joanna PensecHautbois: Isabelle Vicente Da Silva, Marine ZubeldiaClarinette: Aur\u00e9lien CescousseTrombone: J\u00e9r\u00f4me Carr\u00e9Cuivres et Brass Band :\u00a0J\u00e9r\u00f4me Carr\u00e9Harmonie :\u00a0J\u00e9r\u00f4me Carr\u00e9, Aur\u00e9lien CescousseEnsemble \u00e0 cordes :\u00a0Camille Leycuras, Sandrine Lef\u00e8bvre, Olivier ParrotSymphonique :\u00a0Pascal Apparailly","og_url":"https:\/\/musique-47.com\/index.php\/professeurs\/","og_site_name":"Musique de chambre et orchestres","article_publisher":"https:\/\/www.facebook.com\/StagedeMusique47\/","article_modified_time":"2026-03-09T10:33:18+00:00","twitter_card":"summary_large_image","twitter_misc":{"Dur\u00e9e de lecture estim\u00e9e":"1 minute"},"schema":{"@context":"https:\/\/schema.org","@graph":[{"@type":"WebPage","@id":"https:\/\/musique-47.com\/index.php\/professeurs\/","url":"https:\/\/musique-47.com\/index.php\/professeurs\/","name":"Professeurs - Musique de chambre et orchestres","isPartOf":{"@id":"https:\/\/musique-47.com\/#website"},"datePublished":"2023-02-15T15:50:22+00:00","dateModified":"2026-03-09T10:33:18+00:00","breadcrumb":{"@id":"https:\/\/musique-47.com\/index.php\/professeurs\/#breadcrumb"},"inLanguage":"fr-FR","potentialAction":[{"@type":"ReadAction","target":["https:\/\/musique-47.com\/index.php\/professeurs\/"]}]},{"@type":"BreadcrumbList","@id":"https:\/\/musique-47.com\/index.php\/professeurs\/#breadcrumb","itemListElement":[{"@type":"ListItem","position":1,"name":"Accueil","item":"https:\/\/musique-47.com\/"},{"@type":"ListItem","position":2,"name":"Professeurs"}]},{"@type":"WebSite","@id":"https:\/\/musique-47.com\/#website","url":"https:\/\/musique-47.com\/","name":"Musique de chambre et orchestres","description":"Acad\u00e9mie du 11 au 19 ao\u00fbt 2023","publisher":{"@id":"https:\/\/musique-47.com\/#organization"},"potentialAction":[{"@type":"SearchAction","target":{"@type":"EntryPoint","urlTemplate":"https:\/\/musique-47.com\/?s={search_term_string}"},"query-input":{"@type":"PropertyValueSpecification","valueRequired":true,"valueName":"search_term_string"}}],"inLanguage":"fr-FR"},{"@type":"Organization","@id":"https:\/\/musique-47.com\/#organization","name":"Ensemble Pierre Taconne","url":"https:\/\/musique-47.com\/","logo":{"@type":"ImageObject","inLanguage":"fr-FR","@id":"https:\/\/musique-47.com\/#\/schema\/logo\/image\/","url":"https:\/\/musique-47.com\/wp-content\/uploads\/2023\/02\/cropped-Logo-EPT.png","contentUrl":"https:\/\/musique-47.com\/wp-content\/uploads\/2023\/02\/cropped-Logo-EPT.png","width":77,"height":103,"caption":"Ensemble Pierre Taconne"},"image":{"@id":"https:\/\/musique-47.com\/#\/schema\/logo\/image\/"},"sameAs":["https:\/\/www.facebook.com\/StagedeMusique47\/"]}]}},"_links":{"self":[{"href":"https:\/\/musique-47.com\/index.php\/wp-json\/wp\/v2\/pages\/156","targetHints":{"allow":["GET"]}}],"collection":[{"href":"https:\/\/musique-47.com\/index.php\/wp-json\/wp\/v2\/pages"}],"about":[{"href":"https:\/\/musique-47.com\/index.php\/wp-json\/wp\/v2\/types\/page"}],"author":[{"embeddable":true,"href":"https:\/\/musique-47.com\/index.php\/wp-json\/wp\/v2\/users\/2"}],"replies":[{"embeddable":true,"href":"https:\/\/musique-47.com\/index.php\/wp-json\/wp\/v2\/comments?post=156"}],"version-history":[{"count":30,"href":"https:\/\/musique-47.com\/index.php\/wp-json\/wp\/v2\/pages\/156\/revisions"}],"predecessor-version":[{"id":2181,"href":"https:\/\/musique-47.com\/index.php\/wp-json\/wp\/v2\/pages\/156\/revisions\/2181"}],"wp:attachment":[{"href":"https:\/\/musique-47.com\/index.php\/wp-json\/wp\/v2\/media?parent=156"}],"curies":[{"name":"wp","href":"https:\/\/api.w.org\/{rel}","templated":true}]}}