{"id":10,"date":"2021-12-19T16:47:12","date_gmt":"2021-12-19T15:47:12","guid":{"rendered":"https:\/\/musique-47.com\/?page_id=10"},"modified":"2023-02-20T11:45:04","modified_gmt":"2023-02-20T10:45:04","slug":"contact","status":"publish","type":"page","link":"https:\/\/musique-47.com\/index.php\/contact\/","title":{"rendered":"Contact"},"content":{"rendered":"\t\t<div data-elementor-type=\"wp-page\" data-elementor-id=\"10\" class=\"elementor elementor-10\">\n\t\t\t\t\t\t<section class=\"elementor-section elementor-top-section elementor-element elementor-element-12c08621 elementor-section-boxed elementor-section-height-default elementor-section-height-default\" data-id=\"12c08621\" data-element_type=\"section\" data-e-type=\"section\">\n\t\t\t\t\t\t<div class=\"elementor-container elementor-column-gap-default\">\n\t\t\t\t\t<div class=\"elementor-column elementor-col-100 elementor-top-column elementor-element elementor-element-7bd409a4\" data-id=\"7bd409a4\" data-element_type=\"column\" data-e-type=\"column\">\n\t\t\t<div class=\"elementor-widget-wrap elementor-element-populated\">\n\t\t\t\t\t\t<div class=\"elementor-element elementor-element-1dc7f60 elementor-widget elementor-widget-heading\" data-id=\"1dc7f60\" data-element_type=\"widget\" data-e-type=\"widget\" data-widget_type=\"heading.default\">\n\t\t\t\t<div class=\"elementor-widget-container\">\n\t\t\t\t\t<h2 class=\"elementor-heading-title elementor-size-default\">Les renseignements, c'est ici.<\/h2>\t\t\t\t<\/div>\n\t\t\t\t<\/div>\n\t\t\t\t\t<\/div>\n\t\t<\/div>\n\t\t\t\t\t<\/div>\n\t\t<\/section>\n\t\t\t\t<section class=\"elementor-section elementor-top-section elementor-element elementor-element-69a52e3 elementor-section-boxed elementor-section-height-default elementor-section-height-default\" data-id=\"69a52e3\" data-element_type=\"section\" data-e-type=\"section\">\n\t\t\t\t\t\t<div class=\"elementor-container elementor-column-gap-default\">\n\t\t\t\t\t<div class=\"elementor-column elementor-col-100 elementor-top-column elementor-element elementor-element-bd8c761\" data-id=\"bd8c761\" data-element_type=\"column\" data-e-type=\"column\">\n\t\t\t<div class=\"elementor-widget-wrap elementor-element-populated\">\n\t\t\t\t\t\t<div class=\"elementor-element elementor-element-058e822 elementor-widget elementor-widget-wpforms\" data-id=\"058e822\" data-element_type=\"widget\" data-e-type=\"widget\" data-widget_type=\"wpforms.default\">\n\t\t\t\t<div class=\"elementor-widget-container\">\n\t\t\t\t\t<div class=\"wpforms-container wpforms-container-full\" id=\"wpforms-115\"><form id=\"wpforms-form-115\" class=\"wpforms-validate wpforms-form wpforms-ajax-form\" data-formid=\"115\" method=\"post\" enctype=\"multipart\/form-data\" action=\"\/index.php\/wp-json\/wp\/v2\/pages\/10\" data-token=\"3e8ac055f8f42031226072f8ac7c9330\" data-token-time=\"1776416770\"><div class=\"wpforms-head-container\"><div class=\"wpforms-title\">Contact Acad\u00e9mie 2026<\/div><\/div><noscript class=\"wpforms-error-noscript\">Veuillez activer JavaScript dans votre navigateur pour remplir ce formulaire.<\/noscript><div class=\"wpforms-field-container\"><div id=\"wpforms-115-field_7-container\" class=\"wpforms-field wpforms-field-select wpforms-field-select-style-classic\" data-field-id=\"7\"><label class=\"wpforms-field-label wpforms-label-hide\" for=\"wpforms-115-field_7\">Liste d\u00e9roulante<\/label><select id=\"wpforms-115-field_7\" class=\"wpforms-field-small\" name=\"wpforms[fields][7]\"><option value=\"Madame\"  class=\"choice-1 depth-1\"  >Madame<\/option><option value=\"Monsieur\"  class=\"choice-2 depth-1\"  >Monsieur<\/option><\/select><\/div><div id=\"wpforms-115-field_0-container\" class=\"wpforms-field wpforms-field-name wpforms-one-half wpforms-first wpforms-one-third\" data-field-id=\"0\"><label class=\"wpforms-field-label wpforms-label-hide\" for=\"wpforms-115-field_0\">Nom <span class=\"wpforms-required-label\">*<\/span><\/label><input type=\"text\" id=\"wpforms-115-field_0\" class=\"wpforms-field-medium wpforms-field-required\" name=\"wpforms[fields][0]\" placeholder=\"Nom\" required><\/div><div id=\"wpforms-115-field_1-container\" class=\"wpforms-field wpforms-field-email\" data-field-id=\"1\"><label class=\"wpforms-field-label\" for=\"wpforms-115-field_1\">E-mail <span class=\"wpforms-required-label\">*<\/span><\/label><input type=\"email\" id=\"wpforms-115-field_1\" class=\"wpforms-field-medium wpforms-field-required\" name=\"wpforms[fields][1]\" spellcheck=\"false\" required><\/div><div id=\"wpforms-115-field_8-container\" class=\"wpforms-field wpforms-field-number\" data-field-id=\"8\"><label class=\"wpforms-field-label\" for=\"wpforms-115-field_8\">Num\u00e9ro de t\u00e9l\u00e9phone<\/label><input type=\"number\" id=\"wpforms-115-field_8\" class=\"wpforms-field-small\" name=\"wpforms[fields][8]\" placeholder=\"Format &quot;00 00 00 00 00&quot;\" step=\"any\" ><\/div><div id=\"wpforms-115-field_3-container\" class=\"wpforms-field wpforms-field-radio wpforms-list-3-columns\" data-field-id=\"3\"><label class=\"wpforms-field-label\">Renseignements <span class=\"wpforms-required-label\">*<\/span><\/label><ul id=\"wpforms-115-field_3\" class=\"wpforms-field-required\"><li class=\"choice-1 depth-1\"><input type=\"radio\" id=\"wpforms-115-field_3_1\" name=\"wpforms[fields][3]\" value=\"Stage Cordes mineurs\" required ><label class=\"wpforms-field-label-inline\" for=\"wpforms-115-field_3_1\">Stage Cordes mineurs<\/label><\/li><li class=\"choice-2 depth-1\"><input type=\"radio\" id=\"wpforms-115-field_3_2\" name=\"wpforms[fields][3]\" value=\"Stage vents mineurs\" required ><label class=\"wpforms-field-label-inline\" for=\"wpforms-115-field_3_2\">Stage vents mineurs<\/label><\/li><li class=\"choice-3 depth-1\"><input type=\"radio\" id=\"wpforms-115-field_3_3\" name=\"wpforms[fields][3]\" value=\"Stage adultes\" required ><label class=\"wpforms-field-label-inline\" for=\"wpforms-115-field_3_3\">Stage adultes<\/label><\/li><\/ul><\/div><div id=\"wpforms-115-field_2-container\" class=\"wpforms-field wpforms-field-textarea\" data-field-id=\"2\"><label class=\"wpforms-field-label wpforms-label-hide\" for=\"wpforms-115-field_2\">Commentaire ou message<\/label><textarea id=\"wpforms-115-field_2\" class=\"wpforms-field-medium\" name=\"wpforms[fields][2]\" placeholder=\"Posez votre question ici. \" ><\/textarea><\/div><\/div><!-- .wpforms-field-container --><div class=\"wpforms-recaptcha-container wpforms-is-hcaptcha\" ><div class=\"h-captcha\" data-sitekey=\"8a8e1781-939a-4818-9258-7fb5d93f1af3\"><\/div><input type=\"text\" name=\"g-recaptcha-hidden\" class=\"wpforms-recaptcha-hidden\" style=\"position:absolute!important;clip:rect(0,0,0,0)!important;height:1px!important;width:1px!important;border:0!important;overflow:hidden!important;padding:0!important;margin:0!important;\" data-rule-hcaptcha=\"1\"><\/div><div class=\"wpforms-submit-container\" ><input type=\"hidden\" name=\"wpforms[id]\" value=\"115\"><input type=\"hidden\" name=\"page_title\" value=\"\"><input type=\"hidden\" name=\"page_url\" value=\"https:\/\/musique-47.com\/index.php\/wp-json\/wp\/v2\/pages\/10\"><input type=\"hidden\" name=\"url_referer\" value=\"\"><button type=\"submit\" name=\"wpforms[submit]\" id=\"wpforms-submit-115\" class=\"wpforms-submit\" data-alt-text=\"Envoi...\" data-submit-text=\"Envoyer\" aria-live=\"assertive\" value=\"wpforms-submit\">Envoyer<\/button><img decoding=\"async\" src=\"https:\/\/musique-47.com\/wp-content\/plugins\/wpforms\/assets\/images\/submit-spin.svg\" class=\"wpforms-submit-spinner\" style=\"display: none;\" width=\"26\" height=\"26\" alt=\"Chargement en cours\"><\/div><\/form><\/div>  <!-- .wpforms-container -->\t\t\t\t<\/div>\n\t\t\t\t<\/div>\n\t\t\t\t<div class=\"elementor-element elementor-element-b7755df elementor-widget elementor-widget-text-editor\" data-id=\"b7755df\" data-element_type=\"widget\" data-e-type=\"widget\" data-widget_type=\"text-editor.default\">\n\t\t\t\t<div class=\"elementor-widget-container\">\n\t\t\t\t\t\t\t\t\t<p><strong>Attention<\/strong>: Apr\u00e8s l&#8217;envoi du message, il est possible que la r\u00e9ponse automatique soit dans les &#8220;SPAM&#8221; de votre bo\u00eete mail. D\u00e9sol\u00e9 pour ce d\u00e9sagr\u00e9ment.<\/p>\t\t\t\t\t\t\t\t<\/div>\n\t\t\t\t<\/div>\n\t\t\t\t\t<\/div>\n\t\t<\/div>\n\t\t\t\t\t<\/div>\n\t\t<\/section>\n\t\t\t\t<\/div>\n\t\t","protected":false},"excerpt":{"rendered":"<p>Les renseignements, c&#8217;est ici. Attention: Apr\u00e8s l&#8217;envoi du message, il est possible que la r\u00e9ponse automatique soit dans les &#8220;SPAM&#8221; de votre bo\u00eete mail. D\u00e9sol\u00e9 pour ce d\u00e9sagr\u00e9ment.<\/p>\n","protected":false},"author":1,"featured_media":75,"parent":0,"menu_order":0,"comment_status":"closed","ping_status":"closed","template":"","meta":{"site-sidebar-layout":"default","site-content-layout":"","ast-site-content-layout":"default","site-content-style":"default","site-sidebar-style":"default","ast-global-header-display":"","ast-banner-title-visibility":"","ast-main-header-display":"","ast-hfb-above-header-display":"","ast-hfb-below-header-display":"","ast-hfb-mobile-header-display":"","site-post-title":"","ast-breadcrumbs-content":"","ast-featured-img":"","footer-sml-layout":"","ast-disable-related-posts":"","theme-transparent-header-meta":"","adv-header-id-meta":"","stick-header-meta":"","header-above-stick-meta":"","header-main-stick-meta":"","header-below-stick-meta":"","astra-migrate-meta-layouts":"default","ast-page-background-enabled":"default","ast-page-background-meta":{"desktop":{"background-color":"var(--ast-global-color-4)","background-image":"","background-repeat":"repeat","background-position":"center center","background-size":"auto","background-attachment":"scroll","background-type":"","background-media":"","overlay-type":"","overlay-color":"","overlay-opacity":"","overlay-gradient":""},"tablet":{"background-color":"","background-image":"","background-repeat":"repeat","background-position":"center center","background-size":"auto","background-attachment":"scroll","background-type":"","background-media":"","overlay-type":"","overlay-color":"","overlay-opacity":"","overlay-gradient":""},"mobile":{"background-color":"","background-image":"","background-repeat":"repeat","background-position":"center center","background-size":"auto","background-attachment":"scroll","background-type":"","background-media":"","overlay-type":"","overlay-color":"","overlay-opacity":"","overlay-gradient":""}},"ast-content-background-meta":{"desktop":{"background-color":"var(--ast-global-color-5)","background-image":"","background-repeat":"repeat","background-position":"center center","background-size":"auto","background-attachment":"scroll","background-type":"","background-media":"","overlay-type":"","overlay-color":"","overlay-opacity":"","overlay-gradient":""},"tablet":{"background-color":"var(--ast-global-color-5)","background-image":"","background-repeat":"repeat","background-position":"center center","background-size":"auto","background-attachment":"scroll","background-type":"","background-media":"","overlay-type":"","overlay-color":"","overlay-opacity":"","overlay-gradient":""},"mobile":{"background-color":"var(--ast-global-color-5)","background-image":"","background-repeat":"repeat","background-position":"center center","background-size":"auto","background-attachment":"scroll","background-type":"","background-media":"","overlay-type":"","overlay-color":"","overlay-opacity":"","overlay-gradient":""}},"footnotes":""},"class_list":["post-10","page","type-page","status-publish","has-post-thumbnail","hentry"],"yoast_head":"<!-- This site is optimized with the Yoast SEO plugin v27.4 - https:\/\/yoast.com\/product\/yoast-seo-wordpress\/ -->\n<title>Contact - Musique de chambre et orchestres<\/title>\n<meta name=\"description\" content=\"L&#039;Ensemble Pierre Taconn\u00e9 propose une acad\u00e9mie en ao\u00fbt pour les musiciens \u00e9l\u00e8ves ou adultes amateurs. La musique de chambre et les orchestres sont propos\u00e9s par niveau pour les instruments \u00e0 cordes et \u00e0 vents.\" \/>\n<meta name=\"robots\" content=\"index, follow, max-snippet:-1, max-image-preview:large, max-video-preview:-1\" \/>\n<link rel=\"canonical\" href=\"https:\/\/musique-47.com\/index.php\/contact\/\" \/>\n<meta property=\"og:locale\" content=\"fr_FR\" \/>\n<meta property=\"og:type\" content=\"article\" \/>\n<meta property=\"og:title\" content=\"Contact - Musique de chambre et orchestres\" \/>\n<meta property=\"og:description\" content=\"L&#039;Ensemble Pierre Taconn\u00e9 propose une acad\u00e9mie en ao\u00fbt pour les musiciens \u00e9l\u00e8ves ou adultes amateurs. La musique de chambre et les orchestres sont propos\u00e9s par niveau pour les instruments \u00e0 cordes et \u00e0 vents.\" \/>\n<meta property=\"og:url\" content=\"https:\/\/musique-47.com\/index.php\/contact\/\" \/>\n<meta property=\"og:site_name\" content=\"Musique de chambre et orchestres\" \/>\n<meta property=\"article:publisher\" content=\"https:\/\/www.facebook.com\/StagedeMusique47\/\" \/>\n<meta property=\"article:modified_time\" content=\"2023-02-20T10:45:04+00:00\" \/>\n<meta property=\"og:image\" content=\"https:\/\/musique-47.com\/wp-content\/uploads\/2023\/01\/cropped-Stage-2022-1-1.jpg\" \/>\n\t<meta property=\"og:image:width\" content=\"2000\" \/>\n\t<meta property=\"og:image:height\" content=\"1200\" \/>\n\t<meta property=\"og:image:type\" content=\"image\/jpeg\" \/>\n<meta name=\"twitter:card\" content=\"summary_large_image\" \/>\n<meta name=\"twitter:label1\" content=\"Dur\u00e9e de lecture estim\u00e9e\" \/>\n\t<meta name=\"twitter:data1\" content=\"1 minute\" \/>\n<script type=\"application\/ld+json\" class=\"yoast-schema-graph\">{\"@context\":\"https:\\\/\\\/schema.org\",\"@graph\":[{\"@type\":\"WebPage\",\"@id\":\"https:\\\/\\\/musique-47.com\\\/index.php\\\/contact\\\/\",\"url\":\"https:\\\/\\\/musique-47.com\\\/index.php\\\/contact\\\/\",\"name\":\"Contact - Musique de chambre et orchestres\",\"isPartOf\":{\"@id\":\"https:\\\/\\\/musique-47.com\\\/#website\"},\"primaryImageOfPage\":{\"@id\":\"https:\\\/\\\/musique-47.com\\\/index.php\\\/contact\\\/#primaryimage\"},\"image\":{\"@id\":\"https:\\\/\\\/musique-47.com\\\/index.php\\\/contact\\\/#primaryimage\"},\"thumbnailUrl\":\"https:\\\/\\\/musique-47.com\\\/wp-content\\\/uploads\\\/2023\\\/01\\\/cropped-Stage-2022-1-1.jpg\",\"datePublished\":\"2021-12-19T15:47:12+00:00\",\"dateModified\":\"2023-02-20T10:45:04+00:00\",\"description\":\"L'Ensemble Pierre Taconn\u00e9 propose une acad\u00e9mie en ao\u00fbt pour les musiciens \u00e9l\u00e8ves ou adultes amateurs. La musique de chambre et les orchestres sont propos\u00e9s par niveau pour les instruments \u00e0 cordes et \u00e0 vents.\",\"breadcrumb\":{\"@id\":\"https:\\\/\\\/musique-47.com\\\/index.php\\\/contact\\\/#breadcrumb\"},\"inLanguage\":\"fr-FR\",\"potentialAction\":[{\"@type\":\"ReadAction\",\"target\":[\"https:\\\/\\\/musique-47.com\\\/index.php\\\/contact\\\/\"]}]},{\"@type\":\"ImageObject\",\"inLanguage\":\"fr-FR\",\"@id\":\"https:\\\/\\\/musique-47.com\\\/index.php\\\/contact\\\/#primaryimage\",\"url\":\"https:\\\/\\\/musique-47.com\\\/wp-content\\\/uploads\\\/2023\\\/01\\\/cropped-Stage-2022-1-1.jpg\",\"contentUrl\":\"https:\\\/\\\/musique-47.com\\\/wp-content\\\/uploads\\\/2023\\\/01\\\/cropped-Stage-2022-1-1.jpg\",\"width\":2000,\"height\":1200},{\"@type\":\"BreadcrumbList\",\"@id\":\"https:\\\/\\\/musique-47.com\\\/index.php\\\/contact\\\/#breadcrumb\",\"itemListElement\":[{\"@type\":\"ListItem\",\"position\":1,\"name\":\"Accueil\",\"item\":\"https:\\\/\\\/musique-47.com\\\/\"},{\"@type\":\"ListItem\",\"position\":2,\"name\":\"Contact\"}]},{\"@type\":\"WebSite\",\"@id\":\"https:\\\/\\\/musique-47.com\\\/#website\",\"url\":\"https:\\\/\\\/musique-47.com\\\/\",\"name\":\"Musique de chambre et orchestres\",\"description\":\"Acad\u00e9mie du 11 au 19 ao\u00fbt 2023\",\"publisher\":{\"@id\":\"https:\\\/\\\/musique-47.com\\\/#organization\"},\"potentialAction\":[{\"@type\":\"SearchAction\",\"target\":{\"@type\":\"EntryPoint\",\"urlTemplate\":\"https:\\\/\\\/musique-47.com\\\/?s={search_term_string}\"},\"query-input\":{\"@type\":\"PropertyValueSpecification\",\"valueRequired\":true,\"valueName\":\"search_term_string\"}}],\"inLanguage\":\"fr-FR\"},{\"@type\":\"Organization\",\"@id\":\"https:\\\/\\\/musique-47.com\\\/#organization\",\"name\":\"Ensemble Pierre Taconne\",\"url\":\"https:\\\/\\\/musique-47.com\\\/\",\"logo\":{\"@type\":\"ImageObject\",\"inLanguage\":\"fr-FR\",\"@id\":\"https:\\\/\\\/musique-47.com\\\/#\\\/schema\\\/logo\\\/image\\\/\",\"url\":\"https:\\\/\\\/musique-47.com\\\/wp-content\\\/uploads\\\/2023\\\/02\\\/cropped-Logo-EPT.png\",\"contentUrl\":\"https:\\\/\\\/musique-47.com\\\/wp-content\\\/uploads\\\/2023\\\/02\\\/cropped-Logo-EPT.png\",\"width\":77,\"height\":103,\"caption\":\"Ensemble Pierre Taconne\"},\"image\":{\"@id\":\"https:\\\/\\\/musique-47.com\\\/#\\\/schema\\\/logo\\\/image\\\/\"},\"sameAs\":[\"https:\\\/\\\/www.facebook.com\\\/StagedeMusique47\\\/\"]}]}<\/script>\n<!-- \/ Yoast SEO plugin. -->","yoast_head_json":{"title":"Contact - Musique de chambre et orchestres","description":"L'Ensemble Pierre Taconn\u00e9 propose une acad\u00e9mie en ao\u00fbt pour les musiciens \u00e9l\u00e8ves ou adultes amateurs. La musique de chambre et les orchestres sont propos\u00e9s par niveau pour les instruments \u00e0 cordes et \u00e0 vents.","robots":{"index":"index","follow":"follow","max-snippet":"max-snippet:-1","max-image-preview":"max-image-preview:large","max-video-preview":"max-video-preview:-1"},"canonical":"https:\/\/musique-47.com\/index.php\/contact\/","og_locale":"fr_FR","og_type":"article","og_title":"Contact - Musique de chambre et orchestres","og_description":"L'Ensemble Pierre Taconn\u00e9 propose une acad\u00e9mie en ao\u00fbt pour les musiciens \u00e9l\u00e8ves ou adultes amateurs. La musique de chambre et les orchestres sont propos\u00e9s par niveau pour les instruments \u00e0 cordes et \u00e0 vents.","og_url":"https:\/\/musique-47.com\/index.php\/contact\/","og_site_name":"Musique de chambre et orchestres","article_publisher":"https:\/\/www.facebook.com\/StagedeMusique47\/","article_modified_time":"2023-02-20T10:45:04+00:00","og_image":[{"width":2000,"height":1200,"url":"https:\/\/musique-47.com\/wp-content\/uploads\/2023\/01\/cropped-Stage-2022-1-1.jpg","type":"image\/jpeg"}],"twitter_card":"summary_large_image","twitter_misc":{"Dur\u00e9e de lecture estim\u00e9e":"1 minute"},"schema":{"@context":"https:\/\/schema.org","@graph":[{"@type":"WebPage","@id":"https:\/\/musique-47.com\/index.php\/contact\/","url":"https:\/\/musique-47.com\/index.php\/contact\/","name":"Contact - Musique de chambre et orchestres","isPartOf":{"@id":"https:\/\/musique-47.com\/#website"},"primaryImageOfPage":{"@id":"https:\/\/musique-47.com\/index.php\/contact\/#primaryimage"},"image":{"@id":"https:\/\/musique-47.com\/index.php\/contact\/#primaryimage"},"thumbnailUrl":"https:\/\/musique-47.com\/wp-content\/uploads\/2023\/01\/cropped-Stage-2022-1-1.jpg","datePublished":"2021-12-19T15:47:12+00:00","dateModified":"2023-02-20T10:45:04+00:00","description":"L'Ensemble Pierre Taconn\u00e9 propose une acad\u00e9mie en ao\u00fbt pour les musiciens \u00e9l\u00e8ves ou adultes amateurs. La musique de chambre et les orchestres sont propos\u00e9s par niveau pour les instruments \u00e0 cordes et \u00e0 vents.","breadcrumb":{"@id":"https:\/\/musique-47.com\/index.php\/contact\/#breadcrumb"},"inLanguage":"fr-FR","potentialAction":[{"@type":"ReadAction","target":["https:\/\/musique-47.com\/index.php\/contact\/"]}]},{"@type":"ImageObject","inLanguage":"fr-FR","@id":"https:\/\/musique-47.com\/index.php\/contact\/#primaryimage","url":"https:\/\/musique-47.com\/wp-content\/uploads\/2023\/01\/cropped-Stage-2022-1-1.jpg","contentUrl":"https:\/\/musique-47.com\/wp-content\/uploads\/2023\/01\/cropped-Stage-2022-1-1.jpg","width":2000,"height":1200},{"@type":"BreadcrumbList","@id":"https:\/\/musique-47.com\/index.php\/contact\/#breadcrumb","itemListElement":[{"@type":"ListItem","position":1,"name":"Accueil","item":"https:\/\/musique-47.com\/"},{"@type":"ListItem","position":2,"name":"Contact"}]},{"@type":"WebSite","@id":"https:\/\/musique-47.com\/#website","url":"https:\/\/musique-47.com\/","name":"Musique de chambre et orchestres","description":"Acad\u00e9mie du 11 au 19 ao\u00fbt 2023","publisher":{"@id":"https:\/\/musique-47.com\/#organization"},"potentialAction":[{"@type":"SearchAction","target":{"@type":"EntryPoint","urlTemplate":"https:\/\/musique-47.com\/?s={search_term_string}"},"query-input":{"@type":"PropertyValueSpecification","valueRequired":true,"valueName":"search_term_string"}}],"inLanguage":"fr-FR"},{"@type":"Organization","@id":"https:\/\/musique-47.com\/#organization","name":"Ensemble Pierre Taconne","url":"https:\/\/musique-47.com\/","logo":{"@type":"ImageObject","inLanguage":"fr-FR","@id":"https:\/\/musique-47.com\/#\/schema\/logo\/image\/","url":"https:\/\/musique-47.com\/wp-content\/uploads\/2023\/02\/cropped-Logo-EPT.png","contentUrl":"https:\/\/musique-47.com\/wp-content\/uploads\/2023\/02\/cropped-Logo-EPT.png","width":77,"height":103,"caption":"Ensemble Pierre Taconne"},"image":{"@id":"https:\/\/musique-47.com\/#\/schema\/logo\/image\/"},"sameAs":["https:\/\/www.facebook.com\/StagedeMusique47\/"]}]}},"_links":{"self":[{"href":"https:\/\/musique-47.com\/index.php\/wp-json\/wp\/v2\/pages\/10","targetHints":{"allow":["GET"]}}],"collection":[{"href":"https:\/\/musique-47.com\/index.php\/wp-json\/wp\/v2\/pages"}],"about":[{"href":"https:\/\/musique-47.com\/index.php\/wp-json\/wp\/v2\/types\/page"}],"author":[{"embeddable":true,"href":"https:\/\/musique-47.com\/index.php\/wp-json\/wp\/v2\/users\/1"}],"replies":[{"embeddable":true,"href":"https:\/\/musique-47.com\/index.php\/wp-json\/wp\/v2\/comments?post=10"}],"version-history":[{"count":44,"href":"https:\/\/musique-47.com\/index.php\/wp-json\/wp\/v2\/pages\/10\/revisions"}],"predecessor-version":[{"id":412,"href":"https:\/\/musique-47.com\/index.php\/wp-json\/wp\/v2\/pages\/10\/revisions\/412"}],"wp:featuredmedia":[{"embeddable":true,"href":"https:\/\/musique-47.com\/index.php\/wp-json\/wp\/v2\/media\/75"}],"wp:attachment":[{"href":"https:\/\/musique-47.com\/index.php\/wp-json\/wp\/v2\/media?parent=10"}],"curies":[{"name":"wp","href":"https:\/\/api.w.org\/{rel}","templated":true}]}}